{"id":1456,"date":"2019-01-22T14:11:02","date_gmt":"2019-01-22T14:11:02","guid":{"rendered":"https:\/\/rockythemes.com\/nimva3\/?page_id=1456"},"modified":"2021-07-12T21:33:25","modified_gmt":"2021-07-12T19:33:25","slug":"contact-page-3","status":"publish","type":"page","link":"https:\/\/hicp.cz\/?page_id=1456","title":{"rendered":"Contact Page 3"},"content":{"rendered":"[vc_row css=&#8220;.vc_custom_1622047807899{padding-top: 15% !important;padding-bottom: 15% !important;background-image: url(https:\/\/hicp.cz\/wp-content\/uploads\/2021\/05\/Ing.-Mojmir-Janku.jpg?id=5227) !important;background-position: center !important;background-repeat: no-repeat !important;background-size: cover !important;}&#8220;][vc_column width=&#8220;1\/2&#8243; css=&#8220;.vc_custom_1548166421077{padding-right: 10% !important;padding-left: 10% !important;}&#8220;][vc_custom_heading text=&#8220;Jsme tu, abychom v\u00e1m pomohli&#8220; font_container=&#8220;tag:p|font_size:16px|text_align:left|color:%23ffffff&#8220; use_theme_fonts=&#8220;yes&#8220; el_class=&#8220;font_weight_700&#8243;][vc_row_inner][vc_column_inner][vc_column_text]<span style=\"color: #ff6600;\">Chcete se n\u00e1s na n\u011bco zeptat? R\u00e1di V\u00e1m pom\u016f\u017eeme<\/span> :-)[\/vc_column_text][\/vc_column_inner][\/vc_row_inner][\/vc_column][vc_column width=&#8220;1\/2&#8243;][\/vc_column][\/vc_row][vc_row layout=&#8220;wide&#8220; equal_height=&#8220;yes&#8220; content_placement=&#8220;top&#8220; css=&#8220;.vc_custom_1548166780180{background-color: #f2f2f2 !important;}&#8220;][vc_column width=&#8220;1\/3&#8243; css=&#8220;.vc_custom_1548166862753{padding: 80px !important;background-color: #ffffff !important;}&#8220;][\/vc_column][vc_column width=&#8220;2\/3&#8243; css=&#8220;.vc_custom_1548166873311{padding: 80px !important;}&#8220;][vc_custom_heading text=&#8220;Kontaktujte n\u00e1s&#8220; font_container=&#8220;tag:h3|font_size:24px|text_align:left|color:%231e1e1e&#8220; use_theme_fonts=&#8220;yes&#8220; el_class=&#8220;font_weight_700&#8243; css=&#8220;.vc_custom_1622709939295{margin-bottom: 0px !important;padding-bottom: 10px !important;}&#8220;]<div class=\"separator  \" style=\"padding-bottom: 30px; \" ><hr class=\"double_solid\" ><\/div>\n<div class=\"wpcf7 no-js\" id=\"wpcf7-f501-o1\" lang=\"en-US\" dir=\"ltr\" data-wpcf7-id=\"501\">\n<div class=\"screen-reader-response\"><p role=\"status\" aria-live=\"polite\" aria-atomic=\"true\"><\/p> <ul><\/ul><\/div>\n<form action=\"\/index.php?rest_route=%2Fwp%2Fv2%2Fpages%2F1456#wpcf7-f501-o1\" method=\"post\" class=\"wpcf7-form init\" aria-label=\"Contact form\" novalidate=\"novalidate\" data-status=\"init\">\n<div style=\"display: none;\">\n<input type=\"hidden\" name=\"_wpcf7\" value=\"501\" \/>\n<input type=\"hidden\" name=\"_wpcf7_version\" value=\"6.0.1\" \/>\n<input type=\"hidden\" name=\"_wpcf7_locale\" value=\"en_US\" \/>\n<input type=\"hidden\" name=\"_wpcf7_unit_tag\" value=\"wpcf7-f501-o1\" \/>\n<input type=\"hidden\" name=\"_wpcf7_container_post\" value=\"0\" \/>\n<input type=\"hidden\" name=\"_wpcf7_posted_data_hash\" value=\"\" \/>\n<\/div>\n<div class=\"style4\">\n\t<p><span class=\"wpcf7-form-control-wrap\" data-name=\"your-name\"><input size=\"40\" maxlength=\"400\" class=\"wpcf7-form-control wpcf7-text wpcf7-validates-as-required\" aria-required=\"true\" aria-invalid=\"false\" value=\"Name\" type=\"text\" name=\"your-name\" \/><\/span><br \/>\n<span class=\"wpcf7-form-control-wrap\" data-name=\"your-email\"><input size=\"40\" maxlength=\"400\" class=\"wpcf7-form-control wpcf7-email wpcf7-validates-as-required wpcf7-text wpcf7-validates-as-email\" aria-required=\"true\" aria-invalid=\"false\" value=\"Email\" type=\"email\" name=\"your-email\" \/><\/span><br \/>\n<span class=\"wpcf7-form-control-wrap\" data-name=\"subject\"><input size=\"40\" maxlength=\"400\" class=\"wpcf7-form-control wpcf7-text\" aria-invalid=\"false\" value=\"Subject\" type=\"text\" name=\"subject\" \/><\/span><br \/>\n<span class=\"wpcf7-form-control-wrap\" data-name=\"phone\"><input size=\"40\" maxlength=\"400\" class=\"wpcf7-form-control wpcf7-tel wpcf7-text wpcf7-validates-as-tel\" aria-invalid=\"false\" value=\"Phone\" type=\"tel\" name=\"phone\" \/><\/span><br \/>\n<span class=\"wpcf7-form-control-wrap\" data-name=\"your-message\"><textarea cols=\"40\" rows=\"10\" maxlength=\"2000\" class=\"wpcf7-form-control wpcf7-textarea\" aria-invalid=\"false\" name=\"your-message\"><\/textarea><\/span><br \/>\n<input class=\"wpcf7-form-control wpcf7-submit has-spinner\" type=\"submit\" value=\"Send Message\" \/>\n\t<\/p>\n<\/div><p style=\"display: none !important;\" class=\"akismet-fields-container\" data-prefix=\"_wpcf7_ak_\"><label>&#916;<textarea name=\"_wpcf7_ak_hp_textarea\" cols=\"45\" rows=\"8\" maxlength=\"100\"><\/textarea><\/label><input type=\"hidden\" id=\"ak_js_1\" name=\"_wpcf7_ak_js\" value=\"172\"\/><script>document.getElementById( \"ak_js_1\" ).setAttribute( \"value\", ( new Date() ).getTime() );<\/script><\/p><div class=\"wpcf7-response-output\" aria-hidden=\"true\"><\/div>\n<\/form>\n<\/div>\n[\/vc_column][\/vc_row]\n","protected":false},"excerpt":{"rendered":"<p>[vc_row css=&#8220;.vc_custom_1622047807899{padding-top: 15% !important;padding-bottom: 15% !important;background-image: url(https:\/\/hicp.cz\/wp-content\/uploads\/2021\/05\/Ing.-Mojmir-Janku.jpg?id=5227) !important;background-position: center !important;background-repeat: no-repeat !important;background-size: cover !important;}&#8220;][vc_column width=&#8220;1\/2&#8243; css=&#8220;.vc_custom_1548166421077{padding-right: 10% !important;padding-left: 10% !important;}&#8220;][vc_custom_heading text=&#8220;Jsme tu, abychom v\u00e1m pomohli&#8220; font_container=&#8220;tag:p|font_size:16px|text_align:left|color:%23ffffff&#8220; use_theme_fonts=&#8220;yes&#8220; el_class=&#8220;font_weight_700&#8243;][vc_row_inner][vc_column_inner][vc_column_text]Chcete se n\u00e1s na n\u011bco zeptat? R\u00e1di V\u00e1m pom\u016f\u017eeme :-)[\/vc_column_text][\/vc_column_inner][\/vc_row_inner][\/vc_column][vc_column width=&#8220;1\/2&#8243;][\/vc_column][\/vc_row][vc_row layout=&#8220;wide&#8220; equal_height=&#8220;yes&#8220; content_placement=&#8220;top&#8220; css=&#8220;.vc_custom_1548166780180{background-color: #f2f2f2 !important;}&#8220;][vc_column width=&#8220;1\/3&#8243; css=&#8220;.vc_custom_1548166862753{padding: 80px !important;background-color: #ffffff !important;}&#8220;][\/vc_column][vc_column width=&#8220;2\/3&#8243; css=&#8220;.vc_custom_1548166873311{padding: 80px !important;}&#8220;][vc_custom_heading text=&#8220;Kontaktujte [&hellip;]<\/p>\n","protected":false},"author":1,"featured_media":0,"parent":0,"menu_order":0,"comment_status":"closed","ping_status":"closed","template":"page-full.php","meta":{"footnotes":""},"class_list":["post-1456","page","type-page","status-publish","hentry"],"_links":{"self":[{"href":"https:\/\/hicp.cz\/index.php?rest_route=\/wp\/v2\/pages\/1456","targetHints":{"allow":["GET"]}}],"collection":[{"href":"https:\/\/hicp.cz\/index.php?rest_route=\/wp\/v2\/pages"}],"about":[{"href":"https:\/\/hicp.cz\/index.php?rest_route=\/wp\/v2\/types\/page"}],"author":[{"embeddable":true,"href":"https:\/\/hicp.cz\/index.php?rest_route=\/wp\/v2\/users\/1"}],"replies":[{"embeddable":true,"href":"https:\/\/hicp.cz\/index.php?rest_route=%2Fwp%2Fv2%2Fcomments&post=1456"}],"version-history":[{"count":16,"href":"https:\/\/hicp.cz\/index.php?rest_route=\/wp\/v2\/pages\/1456\/revisions"}],"predecessor-version":[{"id":6024,"href":"https:\/\/hicp.cz\/index.php?rest_route=\/wp\/v2\/pages\/1456\/revisions\/6024"}],"wp:attachment":[{"href":"https:\/\/hicp.cz\/index.php?rest_route=%2Fwp%2Fv2%2Fmedia&parent=1456"}],"curies":[{"name":"wp","href":"https:\/\/api.w.org\/{rel}","templated":true}]}}