{"id":175,"date":"2018-11-13T21:28:30","date_gmt":"2018-11-13T21:28:30","guid":{"rendered":"https:\/\/rockythemes.com\/nimva3\/?page_id=175"},"modified":"2021-05-27T21:45:45","modified_gmt":"2021-05-27T19:45:45","slug":"portfolio-4-columns","status":"publish","type":"page","link":"https:\/\/hicp.cz\/?page_id=175","title":{"rendered":"Expon\u00e1ty"},"content":{"rendered":"[vc_row bg_parallax=&#8220;true&#8220; enable_bot_shape_divider=&#8220;true&#8220; bot_shape_divider_color=&#8220;#ffffff&#8220; bot_shape_divider_height=&#8220;150&#8243; col_overlay=&#8220;rgba(255,255,255,0.46)&#8220; slider_deg=&#8220;180&#8243; css=&#8220;.vc_custom_1542196996112{padding-top: 7% !important;padding-bottom: 10% !important;background-image: url(https:\/\/hicp.cz\/wp-content\/uploads\/2018\/11\/bg-hand.jpg?id=207) !important;}&#8220; bot_shape_type=&#8220;triangle&#8220;][vc_column]<div class=\"col_full center  \" ><h2 class=\"info-box\" style=\"font-size: 40px; line-height: 60px;color: #232323;\">Katalog expon\u00e1t\u016f na\u0161eho muzea<\/h2><div class=\"featured-qbox \" style=\"color: #232323;\"><p>Zde v kategori\u00edch naleznete jednotliv\u00e9 expon\u00e1ty<\/p>\n<\/div><\/div>[\/vc_column][\/vc_row]\n","protected":false},"excerpt":{"rendered":"<p>[vc_row bg_parallax=&#8220;true&#8220; enable_bot_shape_divider=&#8220;true&#8220; bot_shape_divider_color=&#8220;#ffffff&#8220; bot_shape_divider_height=&#8220;150&#8243; col_overlay=&#8220;rgba(255,255,255,0.46)&#8220; slider_deg=&#8220;180&#8243; css=&#8220;.vc_custom_1542196996112{padding-top: 7% !important;padding-bottom: 10% !important;background-image: url(https:\/\/hicp.cz\/wp-content\/uploads\/2018\/11\/bg-hand.jpg?id=207) !important;}&#8220; bot_shape_type=&#8220;triangle&#8220;][vc_column][\/vc_column][\/vc_row]<\/p>\n","protected":false},"author":1,"featured_media":0,"parent":0,"menu_order":0,"comment_status":"closed","ping_status":"closed","template":"portfolio-four-column.php","meta":{"footnotes":""},"class_list":["post-175","page","type-page","status-publish","hentry"],"_links":{"self":[{"href":"https:\/\/hicp.cz\/index.php?rest_route=\/wp\/v2\/pages\/175","targetHints":{"allow":["GET"]}}],"collection":[{"href":"https:\/\/hicp.cz\/index.php?rest_route=\/wp\/v2\/pages"}],"about":[{"href":"https:\/\/hicp.cz\/index.php?rest_route=\/wp\/v2\/types\/page"}],"author":[{"embeddable":true,"href":"https:\/\/hicp.cz\/index.php?rest_route=\/wp\/v2\/users\/1"}],"replies":[{"embeddable":true,"href":"https:\/\/hicp.cz\/index.php?rest_route=%2Fwp%2Fv2%2Fcomments&post=175"}],"version-history":[{"count":2,"href":"https:\/\/hicp.cz\/index.php?rest_route=\/wp\/v2\/pages\/175\/revisions"}],"predecessor-version":[{"id":5277,"href":"https:\/\/hicp.cz\/index.php?rest_route=\/wp\/v2\/pages\/175\/revisions\/5277"}],"wp:attachment":[{"href":"https:\/\/hicp.cz\/index.php?rest_route=%2Fwp%2Fv2%2Fmedia&parent=175"}],"curies":[{"name":"wp","href":"https:\/\/api.w.org\/{rel}","templated":true}]}}