{"id":5503,"date":"2021-06-01T21:04:49","date_gmt":"2021-06-01T19:04:49","guid":{"rendered":"http:\/\/hicp.cz\/?page_id=5503"},"modified":"2025-06-05T15:38:37","modified_gmt":"2025-06-05T13:38:37","slug":"test1","status":"publish","type":"page","link":"https:\/\/hicp.cz\/?page_id=5503","title":{"rendered":"N\u011bmeck\u00fd signaliza\u010dn\u00ed prost\u0159edek Ortungsleuchtzeichen"},"content":{"rendered":"[vc_row][vc_column][vc_column_text]\n<h3>N\u011bmeck\u00fd signaliza\u010dn\u00ed prost\u0159edek Ortungsleuchtzeichen<\/h3>\n[\/vc_column_text][\/vc_column][\/vc_row][vc_row][vc_column width=&#8220;1\/2&#8243;][vc_column_text]<strong>Ortungsleuchtzeichen a Signalbombe: Zapomenut\u00e9 sign\u00e1ln\u00ed oh\u0148ostrojn\u00e9 pumy n\u011bmeck\u00e9 Luftwaffe<\/strong><\/p>\n<p><strong>Pyrotechnika, kter\u00e1 zachra\u0148ovala \u017eivoty letc\u016f<\/strong><\/p>\n<p>Historie pyrotechniky nen\u00ed jen o oh\u0148ostroj\u00edch pro z\u00e1bavu a slavnosti. Velk\u00fd v\u00fdznam m\u011bla a st\u00e1le m\u00e1 tak\u00e9 pyrotechnika sign\u00e1ln\u00ed a vojensk\u00e1, vyu\u017e\u00edvan\u00e1 nap\u0159\u00edklad pro z\u00e1chranu \u017eivot\u016f, signalizaci nebo navigaci za zhor\u0161en\u00fdch podm\u00ednek. V\u00fdznamn\u00fdm p\u0159\u00edkladem jsou n\u011bmeck\u00e9 kulov\u00e9 pumy s ozna\u010den\u00edm Ortungsleuchtzeichen a Signalbombe, kter\u00e9 byly vyu\u017e\u00edv\u00e1ny zejm\u00e9na b\u011bhem druh\u00e9 sv\u011btov\u00e9 v\u00e1lky v letectvu Luftwaffe.<br \/>\nOrtungsleuchtzeichen, v doslovn\u00e9m p\u0159ekladu \u201eorienta\u010dn\u00ed sv\u011bteln\u00fd znak\u201c, byla speci\u00e1ln\u00ed sign\u00e1ln\u00ed pyrotechnika ur\u010den\u00e1 p\u0159edev\u0161\u00edm k navigaci letadel na leti\u0161t\u00edch p\u0159i \u0161patn\u00e9 viditelnosti, v mlze nebo v noci. Pro Luftwaffe slou\u017eila tato \u201eohnostrojn\u00e1 koule\u201c jako improvizovan\u00fd leteck\u00fd maj\u00e1k, d\u00edky n\u011bmu\u017e piloti mohli za obt\u00ed\u017en\u00fdch podm\u00ednek bezpe\u010dn\u011b p\u0159ist\u00e1t.<\/p>\n<p><strong>Konstruktivn\u00ed zpracov\u00e1n\u00ed: Pap\u00edrov\u00e9 t\u011bleso, siln\u00fd efekt<\/strong><\/p>\n<p>Z pohledu pyrotechnick\u00e9 konstrukce \u0161lo o kulovou pumu (Signalbombe) kalibru obvykle 125 mm. T\u011bleso bylo vyrobeno z pap\u00edru a tvrzen\u00e9ho kartonu, zvenku pokryto lakovan\u00fdm pap\u00edrem pro zv\u00fd\u0161en\u00ed odolnosti v\u016f\u010di pov\u011btrnostn\u00edm vliv\u016fm. Tvar byl t\u00e9m\u011b\u0159 identick\u00fd s dne\u0161n\u00edmi oh\u0148ostrojn\u00fdmi kulov\u00fdmi pumami, co\u017e dokl\u00e1d\u00e1, jak vojensk\u00e1 historie \u010dasto ovlivnila i pozd\u011bj\u0161\u00ed v\u00fdvoj z\u00e1bavn\u00ed pyrotechniky.<br \/>\nZaj\u00edmavost\u00ed je p\u0159ezd\u00edvka \u201e\u0159edkev\u201c, kterou pumy z\u00edskaly pr\u00e1v\u011b d\u00edky sv\u00e9mu charakteristick\u00e9mu tvaru. Pro vyst\u0159elen\u00ed pumy se pou\u017e\u00edval mo\u017ed\u00ed\u0159 z tvrd\u00e9 lepenky, dlouh\u00fd cca 755 mm, ve spodn\u00ed \u010d\u00e1sti zpevn\u011bn\u00fd d\u0159ev\u011bnou z\u00e1tkou a ocelovou deskou. Spodn\u00ed hrot umo\u017e\u0148oval snadn\u00e9 upevn\u011bn\u00ed mo\u017ed\u00ed\u0159e do zem\u011b. D\u00edky robustn\u00ed konstrukci bylo mo\u017en\u00e9 z jednoho mo\u017ed\u00ed\u0159e vyst\u0159elit a\u017e 50 pum.<\/p>\n<p><strong>Princip odpalu a druhy iniciace<\/strong><\/p>\n<p>Pyrotechnick\u00e1 puma byla odpalov\u00e1na bu\u010f pomoc\u00ed t\u0159ec\u00edho zapalova\u010de se zpo\u017e\u010fova\u010dem, nebo v modern\u011bj\u0161\u00edch p\u0159\u00edpadech elektrick\u00fdm rozn\u011btem. Tyto mechanismy zajistily bezpe\u010dnou a spolehlivou iniciaci i v n\u00e1ro\u010dn\u00fdch podm\u00ednk\u00e1ch.<br \/>\nPo odp\u00e1len\u00ed vystoupala puma do v\u00fd\u0161ky a\u017e 180 metr\u016f, kde do\u0161lo k jej\u00edmu roztr\u017een\u00ed a vypu\u0161t\u011bn\u00ed obsahu \u2013 obvykle 15 a\u017e 18 velk\u00fdch sv\u011btlic. Ty ho\u0159ely 6 a\u017e 8 sekund s velkou intenzitou sv\u011btla, co\u017e umo\u017enilo jejich viditelnost a\u017e na vzd\u00e1lenost 1,5 km. Hmotnost pumy se pohybovala od 500 do 950 gram\u016f v z\u00e1vislosti na typu a slo\u017een\u00ed efektu.<\/p>\n<p><strong>Varianty sign\u00e1ln\u00edch pum Signalbombe<\/strong><\/p>\n<p>Ortungsleuchtzeichen a Signalbombe byly vyr\u00e1b\u011bny v n\u011bkolika variant\u00e1ch, li\u0161\u00edc\u00edch se jak pou\u017eit\u00edm, tak efektem:<\/p>\n<p><strong>No\u010dn\u00ed signalizace<\/strong> \u2013 sv\u011btlicov\u00e9 pumy s barvami b\u00edl\u00e1, \u010derven\u00e1, zelen\u00e1 a \u017elut\u00e1. Pou\u017e\u00edvaly se k ozna\u010den\u00ed p\u0159ist\u00e1vac\u00edch drah, ur\u010den\u00ed sm\u011bru p\u0159\u00edletu \u010di varov\u00e1n\u00ed.<br \/>\n<strong>Denn\u00ed signalizace<\/strong> \u2013 efekty s barevn\u00fdm kou\u0159em (modr\u00e1, zelen\u00e1), kter\u00e9 byly dob\u0159e viditeln\u00e9 i za denn\u00edho sv\u011btla.<br \/>\nTypy hv\u011bzdov\u00fdch efekt\u016f:<\/p>\n<p><strong>Einzelstern (jedna hv\u011bzda)<\/strong> \u2013 puma s jednou velkou sv\u011btlic\u00ed (\u010dasto \u010derven\u00e1, zelen\u00e1 nebo \u017elut\u00e1).<br \/>\n<strong>Doppelstern (dvojit\u00e1 hv\u011bzda)<\/strong> \u2013 dv\u011b velk\u00e9 sv\u011btlice.<br \/>\n<strong>Sternb\u00fcndel (hv\u011bzdokupa)<\/strong> \u2013 v\u00edce men\u0161\u00edch sv\u011btlic (minim\u00e1ln\u011b 15), kter\u00e9 vytvo\u0159ily intenzivn\u00ed sv\u011bteln\u00fd \u201ekv\u011bt\u201c na obloze.<\/p>\n<p>&nbsp;<\/p>\n<p>Po\u010det hv\u011bzd byl z\u0159eteln\u011b zna\u010den kartonov\u00fdm kole\u010dkem na vrchn\u00ed \u010d\u00e1sti pumy: jeden bod znamenal jednu hv\u011bzdu, dv\u011b te\u010dky dvojhv\u011bzdu, sedm a\u017e dev\u011bt te\u010dek ozna\u010dovalo \u201ekytici\u201c hv\u011bzd.<\/p>\n<p><strong>Signalbombe mit blitz \u2013 bleskov\u00e1 saluta\u010dn\u00ed puma<\/strong><\/p>\n<p>Za zvl\u00e1\u0161tn\u00ed zm\u00ednku stoj\u00ed varianta Signalbombe mit Blitz, kter\u00e1 byla napln\u011bna z\u00e1bleskovou slo\u017e\u00ed (flash powder). Jednalo se v podstat\u011b o p\u0159edch\u016fdce dne\u0161n\u00edch pyrotechnick\u00fdch efekt\u016f zn\u00e1m\u00fdch jako Titanium Salute. Tato puma (kalibr 122 mm) obsahovala a\u017e 950 gram\u016f z\u00e1bleskov\u00e9 slo\u017ee a jej\u00ed odp\u00e1len\u00ed bylo u\u017e kv\u016fli bezpe\u010dnosti v\u017edy elektrick\u00e9. Efekt byl masivn\u00ed z\u00e1blesk, kter\u00fd m\u011bl za \u00fakol p\u0159il\u00e1kat pozornost, p\u0159\u00edpadn\u011b signalizovat d\u016fle\u017eitou ud\u00e1lost nebo nebezpe\u010d\u00ed.<\/p>\n<p><strong>Mo\u017en\u00e9 civiln\u00ed vyu\u017eit\u00ed a oh\u0148ostrojn\u00e9 paralely<\/strong><\/p>\n<p>P\u0159esto\u017ee \u0161lo prim\u00e1rn\u011b o vojensk\u00fd signaliza\u010dn\u00ed prost\u0159edek, d\u00edky sv\u00e9mu oh\u0148ostrojn\u00e9mu charakteru byly Signalbomben v principu velmi bl\u00edzk\u00e9 klasick\u00fdm oh\u0148ostrojn\u00fdm kulov\u00fdm pum\u00e1m. Nelze vylou\u010dit, \u017ee n\u011bkter\u00e9 z t\u011bchto pum mohly b\u00fdt vyu\u017e\u00edv\u00e1ny \u2013 nebo p\u0159izp\u016fsobeny \u2013 i pro slavnostn\u00ed \u010di demonstra\u010dn\u00ed \u00fa\u010dely. V\u00fdvoj vojensk\u00e9 pyrotechniky ostatn\u011b mnohokr\u00e1t inspiroval i civiln\u00ed sf\u00e9ru, nap\u0159\u00edklad p\u0159i v\u00fdrob\u011b slavnostn\u00edch oh\u0148ostroj\u016f, sign\u00e1ln\u00edch raket nebo z\u00e1bleskov\u00fdch efekt\u016f.<\/p>\n<p><strong>Technick\u00e9 a sb\u011bratelsk\u00e9 zaj\u00edmavosti<\/strong><\/p>\n<p>Konstrukce t\u011bchto pum byla velmi odoln\u00e1, umo\u017e\u0148ovala opakovan\u00e9 pou\u017e\u00edv\u00e1n\u00ed mo\u017ed\u00ed\u0159\u016f, co\u017e bylo z ekonomick\u00e9ho hlediska praktick\u00e9.<br \/>\nRozpozn\u00e1vac\u00edm znakem byly kartonov\u00e9 zna\u010dky na pum\u00e1ch i jedine\u010dn\u00e9 barvy efekt\u016f.<br \/>\nSignalbombe dnes p\u0159edstavuj\u00ed zaj\u00edmav\u00fd sb\u011bratelsk\u00fd artefakt \u2013 exempl\u00e1\u0159e, n\u00e1vody nebo dobov\u00e9 fotografie lze naj\u00edt na specializovan\u00fdch f\u00f3rech (nap\u0159. Feuerwerkforum, Lexpev) nebo v muze\u00edch vojensk\u00e9 techniky a pyrotechniky.<\/p>\n<p><strong>Ortungsleuchtzeichen a pyrotechnick\u00e1 historie<\/strong><br \/>\nOrtungsleuchtzeichen i Signalbombe z\u016fst\u00e1vaj\u00ed nejen p\u0159ipom\u00ednkou vojensk\u00e9 techniky, ale i uk\u00e1zkou technick\u00e9ho pokroku v oblasti pyrotechniky. Jejich v\u00fdvoj, konstrukce i pou\u017eit\u00ed m\u011bly velk\u00fd vliv na pozd\u011bj\u0161\u00ed tvorbu z\u00e1bavn\u00ed i sign\u00e1ln\u00ed pyrotechniky v pov\u00e1le\u010dn\u00fdch letech. Dnes jsou v\u00fdznamn\u00fdm p\u0159edm\u011btem z\u00e1jmu sb\u011bratel\u016f, muze\u00ed i odborn\u00edk\u016f na vojensk\u00e9 d\u011bjiny a pyrotechniku.<\/p>\n<p><em>Pou\u017eit\u00e9 zdroje a fotografie:<\/em><br \/>\nLexpev, Feuerwerkforum, vojensk\u00e9 archivy, specializovan\u00e9 pyrotechnick\u00e9 a historick\u00e9 weby.<\/p>\n<p>N\u011bmeck\u00e9 sign\u00e1ln\u00ed pumy Ortungsleuchtzeichen a Signalbombe byly kl\u00ed\u010dov\u00fdm prvkem no\u010dn\u00ed i denn\u00ed leteck\u00e9 navigace v dob\u011b druh\u00e9 sv\u011btov\u00e9 v\u00e1lky. Sv\u00fdm konstruk\u010dn\u00edm \u0159e\u0161en\u00edm, pyrotechnick\u00fdm efektem i bezpe\u010dnostn\u00edmi prvky ovlivnily nejen vojenskou, ale i civiln\u00ed pyrotechniku. Dnes jsou cenn\u00fdm sv\u011bdectv\u00edm technick\u00e9ho v\u00fdvoje a v\u00e1le\u010dn\u00fdch d\u011bjin i inspirac\u00ed pro sou\u010dasn\u00e9 nad\u0161ence do oh\u0148ostroj\u016f a pyrotechniky.[\/vc_column_text]<div class=\"separator wow fadeInRight \" style=\"padding-top: 20px; padding-bottom: 20px; \" ><hr class=\"dotted\" style=\"border-color: #b134e2;\"><\/div>[\/vc_column][vc_column width=&#8220;1\/2&#8243;][vc_single_image image=&#8220;5876&#8243; css_animation=&#8220;bounceInDown&#8220;][vc_column_text]Jednalo se v podstat\u011b o kulovou pumu kalibr 125 mm.[\/vc_column_text][\/vc_column][\/vc_row][vc_row][vc_column][vc_gallery type=&#8220;image_grid&#8220; images=&#8220;5876,5874,5873,5872,5870,5869,5868,5865,5864,5863,5856,5857,5858,5859,5860,5861,5862,5854,5853,5852&#8243; img_size=&#8220;160&#215;160&#8243; title=&#8220;Galerie Ortungsleuchtzeichen&#8220;][\/vc_column][\/vc_row]\n","protected":false},"excerpt":{"rendered":"<p>[vc_row][vc_column][vc_column_text] N\u011bmeck\u00fd signaliza\u010dn\u00ed prost\u0159edek Ortungsleuchtzeichen [\/vc_column_text][\/vc_column][\/vc_row][vc_row][vc_column width=&#8220;1\/2&#8243;][vc_column_text]Ortungsleuchtzeichen a Signalbombe: Zapomenut\u00e9 sign\u00e1ln\u00ed oh\u0148ostrojn\u00e9 pumy n\u011bmeck\u00e9 Luftwaffe Pyrotechnika, kter\u00e1 zachra\u0148ovala \u017eivoty letc\u016f Historie pyrotechniky nen\u00ed jen o oh\u0148ostroj\u00edch pro z\u00e1bavu a slavnosti. Velk\u00fd v\u00fdznam m\u011bla a st\u00e1le m\u00e1 tak\u00e9 pyrotechnika sign\u00e1ln\u00ed a vojensk\u00e1, vyu\u017e\u00edvan\u00e1 nap\u0159\u00edklad pro z\u00e1chranu \u017eivot\u016f, signalizaci nebo navigaci za zhor\u0161en\u00fdch podm\u00ednek. V\u00fdznamn\u00fdm p\u0159\u00edkladem jsou [&hellip;]<\/p>\n","protected":false},"author":1,"featured_media":0,"parent":0,"menu_order":0,"comment_status":"closed","ping_status":"closed","template":"","meta":{"footnotes":""},"class_list":["post-5503","page","type-page","status-publish","hentry"],"_links":{"self":[{"href":"https:\/\/hicp.cz\/index.php?rest_route=\/wp\/v2\/pages\/5503","targetHints":{"allow":["GET"]}}],"collection":[{"href":"https:\/\/hicp.cz\/index.php?rest_route=\/wp\/v2\/pages"}],"about":[{"href":"https:\/\/hicp.cz\/index.php?rest_route=\/wp\/v2\/types\/page"}],"author":[{"embeddable":true,"href":"https:\/\/hicp.cz\/index.php?rest_route=\/wp\/v2\/users\/1"}],"replies":[{"embeddable":true,"href":"https:\/\/hicp.cz\/index.php?rest_route=%2Fwp%2Fv2%2Fcomments&post=5503"}],"version-history":[{"count":50,"href":"https:\/\/hicp.cz\/index.php?rest_route=\/wp\/v2\/pages\/5503\/revisions"}],"predecessor-version":[{"id":6904,"href":"https:\/\/hicp.cz\/index.php?rest_route=\/wp\/v2\/pages\/5503\/revisions\/6904"}],"wp:attachment":[{"href":"https:\/\/hicp.cz\/index.php?rest_route=%2Fwp%2Fv2%2Fmedia&parent=5503"}],"curies":[{"name":"wp","href":"https:\/\/api.w.org\/{rel}","templated":true}]}}