{"id":5814,"date":"2021-06-22T15:34:33","date_gmt":"2021-06-22T13:34:33","guid":{"rendered":"http:\/\/hicp.cz\/?page_id=5814"},"modified":"2025-06-05T15:53:24","modified_gmt":"2025-06-05T13:53:24","slug":"kdo-jsme","status":"publish","type":"page","link":"https:\/\/hicp.cz\/?page_id=5814","title":{"rendered":"Kdo jsme \/ About us"},"content":{"rendered":"<p><strong>Kdo jsme<\/strong><\/p>\n<p>Jsme skupina profesion\u00e1ln\u00edch pyrotechnik\u016f, oh\u0148ostr\u016fjc\u016f a odborn\u00edk\u016f, kte\u0159\u00ed sd\u00edlej\u00ed v\u00e1\u0161e\u0148 pro pyrotechniku a p\u0159edev\u0161\u00edm oh\u0148ostroje. V\u011bt\u0161ina z n\u00e1s se pyrotechnikou zab\u00fdv\u00e1 cel\u00fd \u017eivot \u2013 a\u0165 u\u017e profesion\u00e1ln\u011b, nebo z hlubok\u00e9ho osobn\u00edho z\u00e1jmu. Spojuje n\u00e1s jednoto \u2013 \u00facta k tradici, fascinace technick\u00fdm pokrokem a touha po zachov\u00e1n\u00ed historie civiln\u00ed pyrotechniky pro dal\u0161\u00ed generace.<\/p>\n<p><strong>Pro\u010d vzniklo Muzeum civiln\u00ed pyrotechniky HICP.cz?<\/strong><\/p>\n<p>Na\u0161\u00edm hlavn\u00edm c\u00edlem je uchovat, zdokumentovat a zp\u0159\u00edstupnit \u0161irok\u00e9 ve\u0159ejnosti bohatou historii civiln\u00ed pyrotechniky, zejm\u00e9na t\u00e9, kter\u00e1 byla vyr\u00e1b\u011bna na \u00fazem\u00ed b\u00fdval\u00e9ho \u010ceskoslovenska. Dlouh\u00e1 desetilet\u00ed zde vznikaly unik\u00e1tn\u00ed pyrotechnick\u00e9 v\u00fdrobky ur\u010den\u00e9 pro oh\u0148ostrojn\u00e9 a slavnostn\u00ed \u00fa\u010dely, kter\u00fdm v\u0161ak dosud nebyla v\u011bnov\u00e1na dostate\u010dn\u00e1 pozornost.<br \/>\nZat\u00edmco o vojensk\u00e9 pyrotechnice, zbran\u00edch a munici existuj\u00ed des\u00edtky webov\u00fdch str\u00e1nek a specializovan\u00fdch port\u00e1l\u016f, sv\u011bt civiln\u00ed a zejm\u00e9na oh\u0148ostrojn\u00e9 pyrotechniky z\u016fst\u00e1val a\u017e doned\u00e1vna na okraji z\u00e1jmu. P\u0159itom historie \u010desk\u00e9ho ohn\u011bstr\u016fjstv\u00ed sah\u00e1 nejm\u00e9n\u011b do poloviny 16. stolet\u00ed a tvo\u0159\u00ed v\u00fdznamnou sou\u010d\u00e1st na\u0161eho technick\u00e9ho a kulturn\u00edho d\u011bdictv\u00ed.<br \/>\nRozhodli jsme se proto vytvo\u0159it toto online muzeum, kter\u00e9 nab\u00edz\u00ed rozs\u00e1hlou galerii fotografi\u00ed, vide\u00ed, detailn\u00ed informace a katalog p\u016fvodn\u00edch pyrotechnick\u00fdch v\u00fdrobk\u016f, je\u017e byly v \u010ceskoslovensku a pozd\u011bji v \u010cesk\u00e9 republice vyr\u00e1b\u011bny a pou\u017e\u00edv\u00e1ny v\u00edce ne\u017e 40 let. Na\u0161\u00edm posl\u00e1n\u00edm je uchovat jedine\u010dn\u00e9 znalosti, p\u0159\u00edb\u011bhy i vizu\u00e1ln\u00ed dokumentaci pro v\u0161echny z\u00e1jemce \u2013 od sb\u011bratel\u016f a historik\u016f a\u017e po \u0161irokou ve\u0159ejnost.<\/p>\n<p><strong>Na\u0161e hodnoty a posl\u00e1n\u00ed<\/strong><\/p>\n<p>Projekt HICP.cz vznikl jako zcela nez\u00e1visl\u00e1 iniciativa. Nejsme \u010dleny \u017e\u00e1dn\u00e9 politick\u00e9 strany, organizace \u010di hnut\u00ed a z\u00e1sadn\u011b odm\u00edt\u00e1me jakoukoliv \u010dinnost sm\u011b\u0159uj\u00edc\u00ed k potla\u010dov\u00e1n\u00ed pr\u00e1v jednotlivc\u016f nebo skupin. N\u00e1\u0161 web je \u010dist\u011b informativn\u00ed, vzd\u011bl\u00e1vac\u00ed a slou\u017e\u00ed v\u00fdhradn\u011b jako ve\u0159ejn\u011b p\u0159\u00edstupn\u00e9 online muzeum historick\u00fdch, dnes ji\u017e \u010dasto neexistuj\u00edc\u00edch pyrotechnick\u00fdch v\u00fdrobk\u016f.<br \/>\nV\u0161echny zde uveden\u00e9 informace maj\u00ed v\u00fdhradn\u011b dokumenta\u010dn\u00ed a vzd\u011bl\u00e1vac\u00ed charakter. V \u017e\u00e1dn\u00e9m p\u0159\u00edpad\u011b neslou\u017e\u00ed k nav\u00e1d\u011bn\u00ed k trestn\u00e9 \u010dinnosti, k v\u00fdrob\u011b neleg\u00e1ln\u00edch pyrotechnick\u00fdch prost\u0159edk\u016f \u010di k jejich neodborn\u00e9mu pou\u017eit\u00ed.<br \/>\nNa co se m\u016f\u017eete t\u011b\u0161it?<\/p>\n<ul>\n<li>Fotogalerie a dokumentace historick\u00fdch pyrotechnick\u00fdch v\u00fdrobk\u016f z obdob\u00ed \u010cSSR i sou\u010dasnosti<\/li>\n<li>Odborn\u00e9 \u010dl\u00e1nky, p\u0159\u00edb\u011bhy, technick\u00e9 popisy a zaj\u00edmavosti ze sv\u011bta civiln\u00ed pyrotechniky<\/li>\n<li>Archivn\u00ed materi\u00e1ly, etikety, n\u00e1vody a dokumenty z historie v\u00fdroby oh\u0148ostroj\u016f a pyrotechniky<\/li>\n<li>Unik\u00e1tn\u00ed videa a vizu\u00e1ln\u00ed z\u00e1znamy z pyrotechnick\u00fdch akc\u00ed<\/li>\n<li>Mo\u017enost zapojen\u00ed komunity \u2013 v\u00edt\u00e1me p\u0159\u00edsp\u011bvky od sb\u011bratel\u016f, pam\u011btn\u00edk\u016f i odborn\u00edk\u016f<\/li>\n<\/ul>\n<p>D\u011bkujeme za v\u00e1\u0161 z\u00e1jem o \u010deskou pyrotechnickou historii. V\u011b\u0159\u00edme, \u017ee na str\u00e1nk\u00e1ch HICP.cz najdete zaj\u00edmav\u00e9 informace, kter\u00e9 v\u00e1s zaujmou, pou\u010d\u00ed i pot\u011b\u0161\u00ed!<\/p>\n","protected":false},"excerpt":{"rendered":"<p>Kdo jsme Jsme skupina profesion\u00e1ln\u00edch pyrotechnik\u016f, oh\u0148ostr\u016fjc\u016f a odborn\u00edk\u016f, kte\u0159\u00ed sd\u00edlej\u00ed v\u00e1\u0161e\u0148 pro pyrotechniku a p\u0159edev\u0161\u00edm oh\u0148ostroje. V\u011bt\u0161ina z n\u00e1s se pyrotechnikou zab\u00fdv\u00e1 cel\u00fd \u017eivot \u2013 a\u0165 u\u017e profesion\u00e1ln\u011b, nebo z hlubok\u00e9ho osobn\u00edho z\u00e1jmu. Spojuje n\u00e1s jednoto \u2013 \u00facta k tradici, fascinace technick\u00fdm pokrokem a touha po zachov\u00e1n\u00ed historie civiln\u00ed pyrotechniky pro dal\u0161\u00ed generace. Pro\u010d [&hellip;]<\/p>\n","protected":false},"author":2,"featured_media":6762,"parent":0,"menu_order":0,"comment_status":"closed","ping_status":"closed","template":"","meta":{"footnotes":""},"class_list":["post-5814","page","type-page","status-publish","has-post-thumbnail","hentry"],"_links":{"self":[{"href":"https:\/\/hicp.cz\/index.php?rest_route=\/wp\/v2\/pages\/5814","targetHints":{"allow":["GET"]}}],"collection":[{"href":"https:\/\/hicp.cz\/index.php?rest_route=\/wp\/v2\/pages"}],"about":[{"href":"https:\/\/hicp.cz\/index.php?rest_route=\/wp\/v2\/types\/page"}],"author":[{"embeddable":true,"href":"https:\/\/hicp.cz\/index.php?rest_route=\/wp\/v2\/users\/2"}],"replies":[{"embeddable":true,"href":"https:\/\/hicp.cz\/index.php?rest_route=%2Fwp%2Fv2%2Fcomments&post=5814"}],"version-history":[{"count":22,"href":"https:\/\/hicp.cz\/index.php?rest_route=\/wp\/v2\/pages\/5814\/revisions"}],"predecessor-version":[{"id":6907,"href":"https:\/\/hicp.cz\/index.php?rest_route=\/wp\/v2\/pages\/5814\/revisions\/6907"}],"wp:featuredmedia":[{"embeddable":true,"href":"https:\/\/hicp.cz\/index.php?rest_route=\/wp\/v2\/media\/6762"}],"wp:attachment":[{"href":"https:\/\/hicp.cz\/index.php?rest_route=%2Fwp%2Fv2%2Fmedia&parent=5814"}],"curies":[{"name":"wp","href":"https:\/\/api.w.org\/{rel}","templated":true}]}}