{"id":6026,"date":"2021-07-14T10:43:45","date_gmt":"2021-07-14T08:43:45","guid":{"rendered":"https:\/\/hicp.cz\/?page_id=6026"},"modified":"2025-06-05T15:11:33","modified_gmt":"2025-06-05T13:11:33","slug":"vanocni-prskavky","status":"publish","type":"page","link":"https:\/\/hicp.cz\/?page_id=6026","title":{"rendered":"V\u00e1no\u010dn\u00ed prskavky Drutep \/ VD Ostrava"},"content":{"rendered":"[vc_row][vc_column][vc_column_text]<strong>Prskavky: \u010cesk\u00e1 tradice, historie a sou\u010dasnost v\u00e1no\u010dn\u00ed pyrotechniky<\/strong><\/p>\n<p>V\u00e1noce bez prskavek si v\u011bt\u0161ina z n\u00e1s jen t\u011b\u017eko p\u0159edstav\u00ed. Tyto jisk\u0159\u00edc\u00ed ty\u010dinky, kter\u00e9 dok\u00e1\u017eou vykouzlit kouzelnou atmosf\u00e9ru nejen o \u0160t\u011bdr\u00e9m ve\u010deru, maj\u00ed p\u0159ekvapiv\u011b dlouhou a bohatou historii. Prskavky jsou dnes neodmyslitelnou sou\u010d\u00e1st\u00ed \u010desk\u00fdch V\u00e1noc, svatebn\u00edch oslav, narozenin i r\u016fzn\u00fdch slavnost\u00ed. Jak\u00e1 je ale jejich cesta od vyn\u00e1lezu a\u017e po sou\u010dasnou v\u00fdrobu v \u010cesk\u00e9 republice?<\/p>\n<p><strong>Historie prskavek a jejich p\u016fvod<\/strong><\/p>\n<p>Po\u010d\u00e1tky prskavek jsou \u00fazce spjaty s objevem st\u0159eln\u00e9ho prachu, kter\u00fd byl vynalezen v \u010c\u00edn\u011b u\u017e v 5. stolet\u00ed. Pr\u00e1v\u011b d\u00edky st\u0159eln\u00e9mu prachu vznikla prvn\u00ed z\u00e1bavn\u00ed pyrotechnika \u2013 nejen pro vojensk\u00e9 \u00fa\u010dely, ale i p\u0159i r\u016fzn\u00fdch slavnostech a oslav\u00e1ch. Do Evropy se pyrotechnika dostala o n\u011bkolik stolet\u00ed pozd\u011bji, zhruba v 7. stolet\u00ed, a postupn\u011b si z\u00edsk\u00e1vala oblibu mezi \u0161lechtou i na kr\u00e1lovsk\u00fdch dvorech.<br \/>\nZa vyn\u00e1lezce modern\u00ed prskavky je pova\u017eov\u00e1n anglick\u00fd mnich a v\u011bdec Roger Bacon, kter\u00fd ve 13. stolet\u00ed sestavil prvn\u00ed jisk\u0159\u00edc\u00ed ty\u010dinku vyu\u017e\u00edvaj\u00edc\u00ed sm\u011bs st\u0159eln\u00e9ho prachu a kovov\u00fdch pilin. Prskavky byly zpo\u010d\u00e1tku luxusn\u00ed z\u00e1le\u017eitost\u00ed, ur\u010denou jen pro nejbohat\u0161\u00ed vrstvy obyvatelstva.<\/p>\n<p><strong>Prskavky v \u010desk\u00fdch zem\u00edch<\/strong><\/p>\n<p>Na \u00fazem\u00ed dne\u0161n\u00ed \u010cesk\u00e9 republiky se prskavky za\u010daly v\u00edce roz\u0161i\u0159ovat a\u017e v obdob\u00ed prvn\u00ed republiky, tedy ve 20. a 30. letech 20. stolet\u00ed. K jejich popularizaci p\u0159isp\u011bly i tehdej\u0161\u00ed filmy a reklamy, v nich\u017e se prskavky st\u00e1valy symbolem sv\u00e1te\u010dn\u00ed pohody a rodinn\u00fdch oslav. Prvn\u00ed v\u011bt\u0161\u00ed v\u00fdrobce prskavek u n\u00e1s byl Bohumil H\u00e1jek, jeho\u017e podnik p\u016fsobil na na\u0161em \u00fazem\u00ed ji\u017e od roku 1743, tedy je\u0161t\u011b za Rakouska-Uherska.<br \/>\nVe dvac\u00e1t\u00fdch letech minul\u00e9ho stolet\u00ed prskavky zdom\u00e1cn\u011bly jako obl\u00edben\u00e1 v\u00e1no\u010dn\u00ed dekorace a pomalu pronikaly i do \u0161irok\u00e9ho sortimentu obchod\u016f. Velkou roli hr\u00e1ly tak\u00e9 prvorepublikov\u00e9 filmy s hv\u011bzdami, jako byl Old\u0159ich Nov\u00fd nebo Hugo Haas, kde prskavky \u010dasto dotv\u00e1\u0159ely slavnostn\u00ed sc\u00e9nu.<\/p>\n<p><strong>\u010cesk\u00e1 v\u00fdroba prskavek a firma Drutep \u2013 evropsk\u00fd unik\u00e1t<\/strong><\/p>\n<p>Dnes je \u010cesko py\u0161n\u00e9 na skute\u010dnost, \u017ee na jeho \u00fazem\u00ed s\u00eddl\u00ed jedin\u00fd v\u00fdrobce prskavek v cel\u00e9 Evrop\u011b. Je j\u00edm spole\u010dnost Drutep, kter\u00e1 byla zalo\u017eena v roce 1952 a od t\u00e9 doby se specializuje pr\u00e1v\u011b na v\u00fdrobu v\u00e1no\u010dn\u00edch prskavek. Sortiment firmy je velmi \u0161irok\u00fd \u2013 od tradi\u010dn\u00edch rovn\u00fdch prskavek v r\u016fzn\u00fdch d\u00e9lk\u00e1ch (od 17 do 90 centimetr\u016f) a\u017e po modern\u00ed tvarovan\u00e9 prskavky ve tvaru \u010d\u00edslic, p\u00edsmen, hv\u011bzdy, strome\u010dku, srdce a dal\u0161\u00edch origin\u00e1ln\u00edch motiv\u016f na p\u0159\u00e1n\u00ed z\u00e1kazn\u00edka.<br \/>\nPrskavky Drutep jsou nejen symbolem \u010desk\u00fdch V\u00e1noc, ale staly se vyhled\u00e1van\u00fdm artiklem i pro svatby, narozeniny, Silvestra a dal\u0161\u00ed slavnostn\u00ed p\u0159\u00edle\u017eitosti b\u011bhem cel\u00e9ho roku. V\u00fdroba prskavek prob\u00edh\u00e1 podle p\u0159\u00edsn\u00fdch bezpe\u010dnostn\u00edch pravidel a v\u0161echny produkty mus\u00ed b\u00fdt schv\u00e1leny \u010cesk\u00fdm \u00fa\u0159adem pro zkou\u0161en\u00ed zbran\u00ed a st\u0159eliva. Certifikace, kterou prskavky z\u00edskaj\u00ed, je uzn\u00e1van\u00e1 po cel\u00e9m sv\u011bt\u011b.<br \/>\nNav\u00edc jsou tvarovan\u00e9 prskavky chr\u00e1n\u011bny patentem u \u00da\u0159adu pr\u016fmyslov\u00e9ho vlastnictv\u00ed, co\u017e dokazuje jejich jedine\u010dnost a inovativn\u00ed p\u0159\u00edstup \u010desk\u00fdch v\u00fdrobc\u016f k tradi\u010dn\u00ed pyrotechnice.<\/p>\n<p><strong>Prskavky dnes: Trendy a vyu\u017eit\u00ed<\/strong><\/p>\n<p>Prskavky u\u017e d\u00e1vno nejsou jen v\u00e1no\u010dn\u00ed z\u00e1le\u017eitost\u00ed. D\u00edky sv\u00e9 bezpe\u010dnosti, jednoduchosti a efektu jsou dnes obl\u00edben\u00e9 na svatb\u00e1ch, d\u011btsk\u00fdch oslav\u00e1ch, Silvestru, firemn\u00edch ve\u010d\u00edrc\u00edch i p\u0159i romantick\u00fdch p\u0159\u00edle\u017eitostech. Z\u00e1kazn\u00edci mohou vyb\u00edrat z r\u016fzn\u00fdch tvar\u016f, d\u00e9lek i typ\u016f efekt\u016f, co\u017e z prskavek d\u011bl\u00e1 univerz\u00e1ln\u00ed a st\u00e1le popul\u00e1rn\u011bj\u0161\u00ed z\u00e1bavn\u00ed pyrotechniku.<\/p>\n<p><strong>Dal\u0161\u00ed v\u00fdrobci prskavek v \u010cesku<\/strong><\/p>\n<p>Historicky v\u00fdznamn\u00fdm v\u00fdrobcem prskavek byl i z\u00e1vod VD Ostrava v Horn\u00ed Such\u00e9, kde se produkovaly nap\u0159\u00edklad prskavky pod zna\u010dkou Echo. I kdy\u017e dnes p\u0159ev\u00e1\u017enou \u010d\u00e1st trhu ovl\u00e1d\u00e1 firma Drutep, \u010desk\u00e1 tradice v\u00fdroby prskavek je st\u00e1le \u017eiv\u00e1 a respektovan\u00e1 nejen v Evrop\u011b, ale i ve sv\u011bt\u011b.<\/p>\n<p>Prskavky jsou n\u00e1dhern\u00fdm symbolem \u010desk\u00fdch V\u00e1noc a oslav. D\u00edky dlouh\u00e9 tradici, kvalitn\u00ed v\u00fdrob\u011b a inovac\u00edm si \u010desk\u00e9 prskavky nach\u00e1zej\u00ed cestu k z\u00e1kazn\u00edk\u016fm po cel\u00e9m sv\u011bt\u011b. A\u0165 u\u017e jako atmosf\u00e9rick\u00fd dopln\u011bk na v\u00e1no\u010dn\u00edm stromku, nebo jako origin\u00e1ln\u00ed dekorace na svatb\u011b \u010di oslav\u011b, prskavky z\u016fst\u00e1vaj\u00ed st\u00e1lic\u00ed v nab\u00eddce dom\u00e1c\u00ed i evropsk\u00e9 z\u00e1bavn\u00ed pyrotechniky.<\/p>\n<hr \/>\n[\/vc_column_text][vc_gallery type=&#8220;image_grid&#8220; images=&#8220;6069,6068,6067,6066,6064,6065,6063,6055,6057,6059,6058,6060,6062,6061,6056,6054,6053,6052,6051,6050,6049,5774,6044,6043,6045,6046,6047,6048,5773,5772,5771,6716,6715,6714,6713&#8243; title=&#8220;Fotogalerie balen\u00ed prskavek r\u016fzn\u00fdch obdob\u00ed&#8220;][\/vc_column][\/vc_row]\n","protected":false},"excerpt":{"rendered":"<p>[vc_row][vc_column][vc_column_text]Prskavky: \u010cesk\u00e1 tradice, historie a sou\u010dasnost v\u00e1no\u010dn\u00ed pyrotechniky V\u00e1noce bez prskavek si v\u011bt\u0161ina z n\u00e1s jen t\u011b\u017eko p\u0159edstav\u00ed. Tyto jisk\u0159\u00edc\u00ed ty\u010dinky, kter\u00e9 dok\u00e1\u017eou vykouzlit kouzelnou atmosf\u00e9ru nejen o \u0160t\u011bdr\u00e9m ve\u010deru, maj\u00ed p\u0159ekvapiv\u011b dlouhou a bohatou historii. Prskavky jsou dnes neodmyslitelnou sou\u010d\u00e1st\u00ed \u010desk\u00fdch V\u00e1noc, svatebn\u00edch oslav, narozenin i r\u016fzn\u00fdch slavnost\u00ed. Jak\u00e1 je ale jejich cesta od [&hellip;]<\/p>\n","protected":false},"author":2,"featured_media":6075,"parent":0,"menu_order":0,"comment_status":"closed","ping_status":"closed","template":"","meta":{"footnotes":""},"class_list":["post-6026","page","type-page","status-publish","has-post-thumbnail","hentry"],"_links":{"self":[{"href":"https:\/\/hicp.cz\/index.php?rest_route=\/wp\/v2\/pages\/6026","targetHints":{"allow":["GET"]}}],"collection":[{"href":"https:\/\/hicp.cz\/index.php?rest_route=\/wp\/v2\/pages"}],"about":[{"href":"https:\/\/hicp.cz\/index.php?rest_route=\/wp\/v2\/types\/page"}],"author":[{"embeddable":true,"href":"https:\/\/hicp.cz\/index.php?rest_route=\/wp\/v2\/users\/2"}],"replies":[{"embeddable":true,"href":"https:\/\/hicp.cz\/index.php?rest_route=%2Fwp%2Fv2%2Fcomments&post=6026"}],"version-history":[{"count":14,"href":"https:\/\/hicp.cz\/index.php?rest_route=\/wp\/v2\/pages\/6026\/revisions"}],"predecessor-version":[{"id":6900,"href":"https:\/\/hicp.cz\/index.php?rest_route=\/wp\/v2\/pages\/6026\/revisions\/6900"}],"wp:featuredmedia":[{"embeddable":true,"href":"https:\/\/hicp.cz\/index.php?rest_route=\/wp\/v2\/media\/6075"}],"wp:attachment":[{"href":"https:\/\/hicp.cz\/index.php?rest_route=%2Fwp%2Fv2%2Fmedia&parent=6026"}],"curies":[{"name":"wp","href":"https:\/\/api.w.org\/{rel}","templated":true}]}}