{"id":6499,"date":"2021-08-27T13:54:49","date_gmt":"2021-08-27T11:54:49","guid":{"rendered":"https:\/\/hicp.cz\/?page_id=6499"},"modified":"2025-06-05T19:41:18","modified_gmt":"2025-06-05T17:41:18","slug":"jablunka-nad-becvou","status":"publish","type":"page","link":"https:\/\/hicp.cz\/?page_id=6499","title":{"rendered":"Jabl\u016fnka nad Be\u010dvou"},"content":{"rendered":"[vc_row][vc_column][vc_column_text]<strong>V\u00fdroba z\u00e1bavn\u00ed pyrotechniky ve zbrojovce Jabl\u016fnka<\/strong><\/p>\n<p>M\u00e9n\u011b zn\u00e1mou kapitolou v historii zbrojovky Jabl\u016fnka byla v\u00fdroba z\u00e1bavn\u00ed pyrotechniky, kter\u00e1 prob\u00edhala zejm\u00e9na na po\u010d\u00e1tku 90. let 20. stolet\u00ed. V t\u00e9to dob\u011b se podnik, podobn\u011b jako \u0159ada dal\u0161\u00edch tradi\u010dn\u00edch zbrojovek, sna\u017eil naj\u00edt nov\u00e9 v\u00fdrobn\u00ed a obchodn\u00ed p\u0159\u00edle\u017eitosti v civiln\u00ed sf\u00e9\u0159e.<\/p>\n<p><strong>Sortiment v\u00fdroby:<\/strong><\/p>\n<p>V Jabl\u016fnce se vyr\u00e1b\u011bly p\u0159edev\u0161\u00edm vysokoletn\u00e9 rakety a \u0159\u00edmsk\u00e9 sv\u00edce. Tyto v\u00fdrobky byly ur\u010deny pro obchodn\u00ed firmy zab\u00fdvaj\u00edc\u00ed se distribuc\u00ed pyrotechniky, konkr\u00e9tn\u011b pro Pyros Praha a Tarra pyrotechnik Ostrava. Produkce byla zam\u011b\u0159ena na spot\u0159ebitelsk\u00fd trh a pyrotechnika z Jabl\u016fnky byla zn\u00e1ma pro svou kvalitu i spolehlivost.<\/p>\n<p><strong>Specifika a v\u00fdznam:<\/strong><\/p>\n<p>V\u00fdroba pyrotechniky v\u0161ak nikdy nebyla hlavn\u00ed n\u00e1pln\u00ed zbrojovky \u2013 \u0161lo o dopl\u0148kovou \u010dinnost, kter\u00e1 se udr\u017eela jen n\u011bkolik let. P\u0159esto p\u0159edstavuje zaj\u00edmav\u00fd doklad o hled\u00e1n\u00ed nov\u00fdch v\u00fdrobn\u00edch program\u016f v p\u0159echodn\u00e9m obdob\u00ed po roce 1989, kdy se mnoho tradi\u010dn\u00edch podnik\u016f sna\u017eilo p\u0159e\u017e\u00edt transformaci hospod\u00e1\u0159stv\u00ed.<\/p>\n<p><strong>Sou\u010dasnost:<\/strong><\/p>\n<p>V\u00fdroba z\u00e1bavn\u00ed pyrotechniky v Jabl\u016fnce byla b\u011bhem n\u011bkolika let ukon\u010dena a dnes je sp\u00ed\u0161e zaj\u00edmavost\u00ed pro sb\u011bratele \u010di nad\u0161ence zab\u00fdvaj\u00edc\u00ed se histori\u00ed pyrotechniky v \u010cesku. V muzeu v\u011bnovan\u00e9m zbrojovce Jabl\u016fnka je mo\u017en\u00e9 naj\u00edt uk\u00e1zky t\u00e9to produkce nebo dobov\u00e9 dokumenty, kter\u00e9 dokl\u00e1daj\u00ed tuto pozoruhodnou epizodu.<\/p>\n<p class=\"pb-2\">Bohu\u017eel zat\u00edm nem\u00e1me k t\u00e9to v\u00fdrob\u011b podrobn\u011bj\u0161\u00ed informace.<\/p>\n<p>Pokud se chcete dozv\u011bd\u011bt o zbrojovce v Jabl\u016fnce v\u00edc tak ur\u010dit\u011b doporu\u010dujeme nav\u0161t\u00edvit web: <strong><a href=\"https:\/\/www.neopyro.cz\/\">https:\/\/www.neopyro.cz\/<\/a><\/strong><\/p>\n<p>&nbsp;<\/p>\n<hr \/>\n[\/vc_column_text][vc_gallery type=&#8220;image_grid&#8220; images=&#8220;6517,6505,6504&#8243;][\/vc_column][\/vc_row]\n","protected":false},"excerpt":{"rendered":"<p>[vc_row][vc_column][vc_column_text]V\u00fdroba z\u00e1bavn\u00ed pyrotechniky ve zbrojovce Jabl\u016fnka M\u00e9n\u011b zn\u00e1mou kapitolou v historii zbrojovky Jabl\u016fnka byla v\u00fdroba z\u00e1bavn\u00ed pyrotechniky, kter\u00e1 prob\u00edhala zejm\u00e9na na po\u010d\u00e1tku 90. let 20. stolet\u00ed. V t\u00e9to dob\u011b se podnik, podobn\u011b jako \u0159ada dal\u0161\u00edch tradi\u010dn\u00edch zbrojovek, sna\u017eil naj\u00edt nov\u00e9 v\u00fdrobn\u00ed a obchodn\u00ed p\u0159\u00edle\u017eitosti v civiln\u00ed sf\u00e9\u0159e. Sortiment v\u00fdroby: V Jabl\u016fnce se vyr\u00e1b\u011bly p\u0159edev\u0161\u00edm vysokoletn\u00e9 [&hellip;]<\/p>\n","protected":false},"author":2,"featured_media":0,"parent":0,"menu_order":0,"comment_status":"closed","ping_status":"closed","template":"","meta":{"footnotes":""},"class_list":["post-6499","page","type-page","status-publish","hentry"],"_links":{"self":[{"href":"https:\/\/hicp.cz\/index.php?rest_route=\/wp\/v2\/pages\/6499","targetHints":{"allow":["GET"]}}],"collection":[{"href":"https:\/\/hicp.cz\/index.php?rest_route=\/wp\/v2\/pages"}],"about":[{"href":"https:\/\/hicp.cz\/index.php?rest_route=\/wp\/v2\/types\/page"}],"author":[{"embeddable":true,"href":"https:\/\/hicp.cz\/index.php?rest_route=\/wp\/v2\/users\/2"}],"replies":[{"embeddable":true,"href":"https:\/\/hicp.cz\/index.php?rest_route=%2Fwp%2Fv2%2Fcomments&post=6499"}],"version-history":[{"count":8,"href":"https:\/\/hicp.cz\/index.php?rest_route=\/wp\/v2\/pages\/6499\/revisions"}],"predecessor-version":[{"id":6919,"href":"https:\/\/hicp.cz\/index.php?rest_route=\/wp\/v2\/pages\/6499\/revisions\/6919"}],"wp:attachment":[{"href":"https:\/\/hicp.cz\/index.php?rest_route=%2Fwp%2Fv2%2Fmedia&parent=6499"}],"curies":[{"name":"wp","href":"https:\/\/api.w.org\/{rel}","templated":true}]}}