{"id":6635,"date":"2023-05-19T13:37:59","date_gmt":"2023-05-19T11:37:59","guid":{"rendered":"https:\/\/hicp.cz\/?page_id=6635"},"modified":"2025-06-05T19:56:39","modified_gmt":"2025-06-05T17:56:39","slug":"pyros-praha","status":"publish","type":"page","link":"https:\/\/hicp.cz\/?page_id=6635","title":{"rendered":"Pyros Praha"},"content":{"rendered":"[vc_row][vc_column][vc_column_text]\n<p><strong>Pyros Praha a tradice \u010desk\u00e9 pyrotechniky: historie, inovace a odkaz<\/strong><\/p>\n<p>\u010cesk\u00e1 republika pat\u0159\u00ed mezi zem\u011b s dlouhou a pestrou tradic\u00ed v\u00fdroby pyrotechniky, kter\u00e1 za\u010d\u00edn\u00e1 u\u017e v 19. stolet\u00ed. V\u00fdvoj tohoto oboru je \u00fazce spojen\u00fd s \u0159adou v\u00fdznamn\u00fdch podnik\u016f a osobnost\u00ed, p\u0159i\u010dem\u017e jedn\u00edm z nejv\u00fdrazn\u011bj\u0161\u00edch jmen posledn\u00edch desetilet\u00ed je spole\u010dnost Pyros Praha. Ta nejen nav\u00e1zala na bohatou historii tohoto pr\u016fmyslu, ale tak\u00e9 p\u0159inesla inovace, kter\u00e9 ovlivnily tv\u00e1\u0159 modern\u00ed \u010desk\u00e9 pyrotechniky.<\/p>\n<p><strong>Historick\u00e9 ko\u0159eny: Od Nobela k Jane\u010dkov<\/strong>i<\/p>\n<p>Z\u00e1sadn\u00ed kapitola \u010desk\u00e9 pyrotechniky se za\u010d\u00edn\u00e1 ps\u00e1t v Z\u00e1mc\u00edch u Prahy, kde ji\u017e v roce 1870 zalo\u017eil Alfr\u00e9d Nobel prvn\u00ed tov\u00e1rnu na v\u00fdrobu dynamitu v Rakousko-Uhersku. Tento krok znamenal z\u00e1sadn\u00ed impulz pro v\u00fdvoj pr\u016fmyslov\u00e9 pyrotechniky ve st\u0159edn\u00ed Evrop\u011b. V\u00fdroba dynamitu zde pokra\u010dovala a\u017e do roku 1923, kdy jej\u00ed kapitolu uzav\u0159ela zm\u011bna pr\u016fmyslov\u00fdch trend\u016f a v\u00fdroba trhavin byla p\u0159esunuta do nov\u011b vznikl\u00e9 Explosie Semt\u00edn, kter\u00e1 se pozd\u011bji proslavila zejm\u00e9na produkc\u00ed plastick\u00fdch trhavin Semtex.<\/p>\n<p>Na Nobelovu tradici nav\u00e1zal v roce 1923 v\u00fdznamn\u00fd \u010desk\u00fd in\u017een\u00fdr Franti\u0161ek Jane\u010dek, jen\u017e zde zalo\u017eil Pyrotechnickou a muni\u010dn\u00ed tov\u00e1rnu Ing. F. Jane\u010dek, s.r.o. Podnik se rychle stal centrem v\u00fdvoje nejen civiln\u00ed, ale i vojensk\u00e9 pyrotechniky a jeho v\u00fdznam d\u00e1le posilovali i jeho syn Franti\u0161ek Karel Jane\u010dek a kapit\u00e1n Jaroslav Velinsk\u00fd. V\u00fdznamn\u00fdm sortimentem byly ru\u010dn\u00ed gran\u00e1ty, ale spektrum v\u00fdrobk\u016f sahalo daleko za hranice vojensk\u00e9ho vyu\u017eit\u00ed.<\/p>\n<p>Druh\u00e1 sv\u011btov\u00e1 v\u00e1lka p\u0159inesla p\u0159esun v\u00fdroby do zbrojovky Jabl\u016fnka na Vala\u0161sku a tov\u00e1rna v Praze byla b\u011bhem okupace ovl\u00e1dnuta n\u011bmeckou firmou Waffen Fabrik Breen. Po v\u00e1lce do\u0161lo ke zn\u00e1rodn\u011bn\u00ed a spr\u00e1va tov\u00e1rny byla p\u0159erozd\u011blena mezi tehdej\u0161\u00ed st\u00e1tn\u00ed podniky jako BS Sellier &amp;amp; Bellot, Konstrukta Praha \u010di Konstrukta Tren\u010d\u00edn. Pr\u00e1v\u011b v \u00e9\u0159e Konstrukty Tren\u010d\u00edn se v\u00fdroba zam\u011b\u0159ila i na experiment\u00e1ln\u00ed \u010dinnost a v\u00fdvoj speci\u00e1ln\u00edch technologi\u00ed, co\u017e polo\u017eilo z\u00e1klady pro pozd\u011bj\u0161\u00ed civiln\u00ed pyrotechnickou v\u00fdrobu.<\/p>\n<p><strong>Pyros Praha \u2013 inovace a v\u00fdroba pro modern\u00ed trh<\/strong><\/p>\n<p>Z\u00e1sadn\u00ed zm\u011bna nastala v roce 1990, kdy vznik\u00e1 samostatn\u00e1 spole\u010dnost Pyros Praha. Pr\u00e1v\u011b v obdob\u00ed po spole\u010densk\u00fdch zm\u011bn\u00e1ch let 1989\u20131990 se \u010desk\u00fd trh s pyrotechnikou otev\u0159el nov\u00fdm mo\u017enostem a Pyros Praha se rychle etablovala jako kl\u00ed\u010dov\u00fd hr\u00e1\u010d v oboru. Jej\u00ed s\u00eddlo v Z\u00e1mc\u00edch u Prahy bylo symbolick\u00fdm n\u00e1vratem k pyrotechnick\u00e9 tradici t\u00e9to lokality.<\/p>\n<p>Pyros Praha se specializovala na v\u00fdvoj a v\u00fdrobu men\u0161\u00edch a st\u0159edn\u011b velk\u00fdch oh\u0148ostroj\u016f i vnit\u0159n\u00edch pyrotechnick\u00fdch efekt\u016f. Sortiment firmy byl velmi \u0161irok\u00fd \u2013 od barevn\u00fdch plamen\u016f p\u0159es font\u00e1ny, \u0159\u00edmsk\u00e9 sv\u00edce, gejz\u00edry, a\u017e po speci\u00e1ln\u00ed rakety jako \u201eTom\u201c nebo \u201eFire Cat\u201c. Velk\u00fd d\u016fraz byl kladen na inovace a bezpe\u010dnost, co\u017e dokazovala i atestace v\u00fdrobk\u016f \u010ceskou st\u00e1tn\u00ed zku\u0161ebnou.<\/p>\n<p>V\u00fdrobky Pyros Praha si rychle na\u0161ly cestu nejen na dom\u00e1c\u00ed trh, ale i do zahrani\u010d\u00ed. Spole\u010dnost spolupracovala s \u0159adou partnersk\u00fdch tov\u00e1ren i specialist\u016f, co\u017e j\u00ed umo\u017enilo pru\u017en\u011b reagovat na m\u011bn\u00edc\u00ed se popt\u00e1vku a garantovat vysok\u00fd standard kvality. Typickou vlastnost\u00ed produkt\u016f Pyros Praha byla v\u017edy jejich spolehlivost, preciznost zpracov\u00e1n\u00ed a atraktivn\u00ed vizu\u00e1ln\u00ed efekty.<\/p>\n<p><strong>V\u00fdznam pro kulturu i ka\u017edodenn\u00ed \u017eivot<\/strong><\/p>\n<p>V\u00fdznam Pyros Praha v\u0161ak nespo\u010d\u00edval pouze ve v\u00fdrob\u011b pyrotechniky pro voln\u00fd trh. Firma byla v\u00fdznamn\u00fdm partnerem filmov\u00e9ho studia Barrandov a \u010ceskoslovensk\u00e9 televize. Pyrotechnick\u00e9 efekty Pyros Praha se objevily nap\u0159\u00edklad ve filmech a seri\u00e1lech jako Gagman, N\u00e1v\u0161t\u011bvn\u00edci nebo Arabela. D\u00edky t\u00e9to spolupr\u00e1ci se \u010desk\u00e1 pyrotechnika dostala k milion\u016fm div\u00e1k\u016f a pod\u00edlela se na budov\u00e1n\u00ed presti\u017ee \u010desk\u00e9ho filmov\u00e9ho pr\u016fmyslu.<\/p>\n<p>Pyros Praha byla tak\u00e9 jedn\u00edm z pr\u016fkopn\u00edk\u016f v popularizaci oh\u0148ostroj\u016f i mimo tradi\u010dn\u00ed obdob\u00ed Silvestra. Spole\u010dnost aktivn\u011b podporovala vyu\u017eit\u00ed oh\u0148ostroj\u016f na letn\u00edch slavnostech, rodinn\u00fdch oslav\u00e1ch \u010di nap\u0159\u00edklad p\u0159i p\u00e1len\u00ed \u010darod\u011bjnic. Tento trend p\u0159etrv\u00e1v\u00e1 a \u010desk\u00fd trh dnes nab\u00edz\u00ed pyrotechniku pro oslavy b\u011bhem cel\u00e9ho roku.<\/p>\n<p><strong>Regulace, bezpe\u010dnost a srovn\u00e1n\u00ed s konkurenc\u00ed<\/strong><\/p>\n<p>Kl\u00ed\u010dov\u00fdm aspektem fungov\u00e1n\u00ed Pyros Praha (a cel\u00e9ho \u010desk\u00e9ho pyrotechnick\u00e9ho pr\u016fmyslu) byla p\u0159\u00edsn\u00e1 regulace. V\u0161echny v\u00fdrobky musely proj\u00edt testov\u00e1n\u00edm ve st\u00e1tn\u00ed zku\u0161ebn\u011b, p\u0159i\u010dem\u017e normy vych\u00e1zely z obdobn\u00fdch princip\u016f jako n\u011bmeck\u00e1 BAM. Pyros Praha tak mohla nab\u00edzet sv\u00e9 v\u00fdrobky nejen s ohledem na \u010desk\u00e9, ale i evropsk\u00e9 standardy.<\/p>\n<p>V r\u00e1mci konkurence se Pyros Praha pohybovala na \u00farovni dal\u0161\u00edch v\u00fdznamn\u00fdch podnik\u016f jako Explosia Semt\u00edn, Policsk\u00e9 stroj\u00edrny Poli\u010dka \u010di Zbrojovka Jabl\u016fnka, kter\u00e9 v\u0161echny pro\u0161ly obdobn\u00fdmi zm\u011bnami p\u0159i p\u0159echodu z vojensk\u00e9 na civiln\u00ed v\u00fdrobu pyrotechniky.<\/p>\n<p><strong>Pyros Praha dnes: Odkaz, inspirace a zaj\u00edmavosti<\/strong><\/p>\n<p>A\u010dkoliv Pyros Praha v polovin\u011b 90. let svou \u010dinnost ukon\u010dila a p\u0159e\u0161la do likvidace, jej\u00ed odkaz je st\u00e1le patrn\u00fd. Na jej\u00edch z\u00e1kladech vznikly nov\u00e9 firmy a mnoho odborn\u00edk\u016f, kte\u0159\u00ed v Pyrosu p\u016fsobili, se stali respektovan\u00fdmi osobnostmi v oboru. Produkty Pyros Praha jsou dnes sb\u011bratelskou raritou a jejich zna\u010dka je vn\u00edm\u00e1na jako jeden ze symbol\u016f poctiv\u00e9 \u010desk\u00e9 pyrotechniky.<br \/>\nD\u00edky Pyros Praha se \u010desk\u00e1 pyrotechnika stala pojmem i v zahrani\u010d\u00ed a ovlivnila, jak vn\u00edm\u00e1me a pou\u017e\u00edv\u00e1me oh\u0148ostroje p\u0159i oslav\u00e1ch, ve ve\u0159ejn\u00e9m prostoru i v kultu\u0159e.<\/p>\n<p>Pyros Praha je dokladem toho, \u017ee tradice, inovace a d\u016fraz na kvalitu mohou vytvo\u0159it silnou zna\u010dku, kter\u00e1 p\u0159etrv\u00e1 i p\u0159es spole\u010densk\u00e9 a ekonomick\u00e9 zm\u011bny. Historie t\u00e9to firmy i cel\u00e9ho \u010desk\u00e9ho pyrotechnick\u00e9ho pr\u016fmyslu je fascinuj\u00edc\u00ed uk\u00e1zkou propojen\u00ed technick\u00e9ho pokroku, \u0159emesln\u00e9 zru\u010dnosti a kulturn\u00edho d\u011bdictv\u00ed.<br \/>\nPokud v\u00e1s zaj\u00edmaj\u00ed dal\u0161\u00ed podrobnosti, dobov\u00e9 fotografie \u010di konkr\u00e9tn\u00ed v\u00fdrobky, doporu\u010dujeme nav\u0161t\u00edvit tematick\u00e1 muzea nebo specializovan\u00e9 sb\u011bratelsk\u00e9 weby zam\u011b\u0159en\u00e9 na historii \u010desk\u00e9 pyrotechniky.<\/p>\n<p><strong>Z\u00e1bavn\u00ed pyrotechnika<\/strong><\/p>\n<p>&nbsp;<\/p>\n<div id=\"attachment_6644\" style=\"width: 238px\" class=\"wp-caption alignnone\"><img loading=\"lazy\" decoding=\"async\" aria-describedby=\"caption-attachment-6644\" class=\"size-medium wp-image-6644\" src=\"https:\/\/hicp.cz\/wp-content\/uploads\/2023\/05\/pyros-katalog-1992-228x300.jpg\" alt=\"Pyros Praha\" width=\"228\" height=\"300\" srcset=\"https:\/\/hicp.cz\/wp-content\/uploads\/2023\/05\/pyros-katalog-1992-228x300.jpg 228w, https:\/\/hicp.cz\/wp-content\/uploads\/2023\/05\/pyros-katalog-1992.jpg 635w\" sizes=\"auto, (max-width: 228px) 100vw, 228px\" \/><p id=\"caption-attachment-6644\" class=\"wp-caption-text\">Katalog Pyros Praha1992<\/p><\/div>\n<p>&nbsp;<\/p>\n<div id=\"attachment_6645\" style=\"width: 224px\" class=\"wp-caption alignnone\"><img loading=\"lazy\" decoding=\"async\" aria-describedby=\"caption-attachment-6645\" class=\"size-medium wp-image-6645\" src=\"https:\/\/hicp.cz\/wp-content\/uploads\/2023\/05\/katalogPyros1993-214x300.jpeg\" alt=\"\" width=\"214\" height=\"300\" srcset=\"https:\/\/hicp.cz\/wp-content\/uploads\/2023\/05\/katalogPyros1993-214x300.jpeg 214w, https:\/\/hicp.cz\/wp-content\/uploads\/2023\/05\/katalogPyros1993-729x1024.jpeg 729w, https:\/\/hicp.cz\/wp-content\/uploads\/2023\/05\/katalogPyros1993-768x1079.jpeg 768w, https:\/\/hicp.cz\/wp-content\/uploads\/2023\/05\/katalogPyros1993-1094x1536.jpeg 1094w, https:\/\/hicp.cz\/wp-content\/uploads\/2023\/05\/katalogPyros1993.jpeg 1458w\" sizes=\"auto, (max-width: 214px) 100vw, 214px\" \/><p id=\"caption-attachment-6645\" class=\"wp-caption-text\">Katalog Pyros Praha 1993<\/p><\/div>\n<p><img loading=\"lazy\" decoding=\"async\" class=\"alignnone size-medium wp-image-6816\" src=\"https:\/\/hicp.cz\/wp-content\/uploads\/2025\/01\/raketypyros-300x203.jpg\" alt=\"\" width=\"300\" height=\"203\" srcset=\"https:\/\/hicp.cz\/wp-content\/uploads\/2025\/01\/raketypyros-300x203.jpg 300w, https:\/\/hicp.cz\/wp-content\/uploads\/2025\/01\/raketypyros.jpg 750w\" sizes=\"auto, (max-width: 300px) 100vw, 300px\" \/><\/p>\n<p><img loading=\"lazy\" decoding=\"async\" class=\"alignnone size-medium wp-image-6814\" src=\"https:\/\/hicp.cz\/wp-content\/uploads\/2025\/01\/katalogpyros-300x248.jpg\" alt=\"\" width=\"300\" height=\"248\" srcset=\"https:\/\/hicp.cz\/wp-content\/uploads\/2025\/01\/katalogpyros-300x248.jpg 300w, https:\/\/hicp.cz\/wp-content\/uploads\/2025\/01\/katalogpyros-768x635.jpg 768w, https:\/\/hicp.cz\/wp-content\/uploads\/2025\/01\/katalogpyros.jpg 877w\" sizes=\"auto, (max-width: 300px) 100vw, 300px\" \/><\/p>\n<p><img loading=\"lazy\" decoding=\"async\" class=\"alignnone wp-image-6815\" src=\"https:\/\/hicp.cz\/wp-content\/uploads\/2025\/01\/katalogpyroscernobile-197x300.jpg\" alt=\"\" width=\"264\" height=\"402\" srcset=\"https:\/\/hicp.cz\/wp-content\/uploads\/2025\/01\/katalogpyroscernobile-197x300.jpg 197w, https:\/\/hicp.cz\/wp-content\/uploads\/2025\/01\/katalogpyroscernobile-674x1024.jpg 674w, https:\/\/hicp.cz\/wp-content\/uploads\/2025\/01\/katalogpyroscernobile-768x1168.jpg 768w, https:\/\/hicp.cz\/wp-content\/uploads\/2025\/01\/katalogpyroscernobile.jpg 882w\" sizes=\"auto, (max-width: 264px) 100vw, 264px\" \/><\/p>\n[\/vc_column_text][\/vc_column][\/vc_row][vc_row][vc_column][vc_gallery type=&#8220;image_grid&#8220; images=&#8220;6863,6878,6859,6860,6861,6862,6864,6865,6866,6867,6868,6869,6870,6871,6872,6873,6874,6875,6876,6877&#8243; title=&#8220;Pyros Praha&#8220;][\/vc_column][\/vc_row]\n","protected":false},"excerpt":{"rendered":"<p>[vc_row][vc_column][vc_column_text] Pyros Praha a tradice \u010desk\u00e9 pyrotechniky: historie, inovace a odkaz \u010cesk\u00e1 republika pat\u0159\u00ed mezi zem\u011b s dlouhou a pestrou tradic\u00ed v\u00fdroby pyrotechniky, kter\u00e1 za\u010d\u00edn\u00e1 u\u017e v 19. stolet\u00ed. V\u00fdvoj tohoto oboru je \u00fazce spojen\u00fd s \u0159adou v\u00fdznamn\u00fdch podnik\u016f a osobnost\u00ed, p\u0159i\u010dem\u017e jedn\u00edm z nejv\u00fdrazn\u011bj\u0161\u00edch jmen posledn\u00edch desetilet\u00ed je spole\u010dnost Pyros Praha. Ta nejen nav\u00e1zala [&hellip;]<\/p>\n","protected":false},"author":2,"featured_media":0,"parent":0,"menu_order":0,"comment_status":"closed","ping_status":"closed","template":"","meta":{"footnotes":""},"class_list":["post-6635","page","type-page","status-publish","hentry"],"_links":{"self":[{"href":"https:\/\/hicp.cz\/index.php?rest_route=\/wp\/v2\/pages\/6635","targetHints":{"allow":["GET"]}}],"collection":[{"href":"https:\/\/hicp.cz\/index.php?rest_route=\/wp\/v2\/pages"}],"about":[{"href":"https:\/\/hicp.cz\/index.php?rest_route=\/wp\/v2\/types\/page"}],"author":[{"embeddable":true,"href":"https:\/\/hicp.cz\/index.php?rest_route=\/wp\/v2\/users\/2"}],"replies":[{"embeddable":true,"href":"https:\/\/hicp.cz\/index.php?rest_route=%2Fwp%2Fv2%2Fcomments&post=6635"}],"version-history":[{"count":11,"href":"https:\/\/hicp.cz\/index.php?rest_route=\/wp\/v2\/pages\/6635\/revisions"}],"predecessor-version":[{"id":6920,"href":"https:\/\/hicp.cz\/index.php?rest_route=\/wp\/v2\/pages\/6635\/revisions\/6920"}],"wp:attachment":[{"href":"https:\/\/hicp.cz\/index.php?rest_route=%2Fwp%2Fv2%2Fmedia&parent=6635"}],"curies":[{"name":"wp","href":"https:\/\/api.w.org\/{rel}","templated":true}]}}