{"id":73,"date":"2018-10-02T12:08:33","date_gmt":"2018-10-02T12:08:33","guid":{"rendered":"https:\/\/rockythemes.com\/nimva3\/?page_id=73"},"modified":"2026-02-18T13:26:37","modified_gmt":"2026-02-18T12:26:37","slug":"nimva-corporate","status":"publish","type":"page","link":"https:\/\/hicp.cz\/","title":{"rendered":"Muzeum historie civiln\u00ed pyrotechniky"},"content":{"rendered":"[vc_row bg_attachment=&#8220;fixed&#8220; bg_parallax=&#8220;true&#8220; enable_gradient=&#8220;true&#8220; col_overlay=&#8220;rgba(0,0,0,0.01)&#8220; col_overlay2=&#8220;rgba(10,10,10,0.52)&#8220; slider_deg=&#8220;180&#8243; css=&#8220;.vc_custom_1621881299924{padding-top: 0% !important;background-image: url(https:\/\/hicp.cz\/wp-content\/uploads\/2021\/05\/f72e58f6-46b8-4655-946f-97487a608018.jpg?id=5186) !important;}&#8220;][vc_column][layerslider_vc id=&#8220;1&#8243;][\/vc_column][\/vc_row][vc_row css=&#8220;.vc_custom_1626525480305{padding-bottom: 10% !important;background: #f6f6f6 url(https:\/\/hicp.cz\/wp-content\/uploads\/2021\/05\/header1.jpg?id=5127) !important;}&#8220;][vc_column css_animation=&#8220;slideInUp&#8220; width=&#8220;1\/3&#8243; css=&#8220;.vc_custom_1535890390275{padding-right: 15px !important;padding-left: 15px !important;}&#8220;][vc_single_image image=&#8220;7127&#8243; img_size=&#8220;full&#8220; alignment=&#8220;center&#8220; onclick=&#8220;custom_link&#8220; link=&#8220;https:\/\/hicp.cz\/?page_id=6212&#8243;][\/vc_column][vc_column css_animation=&#8220;slideInUp&#8220; animation_delay=&#8220;0.2&#8243; width=&#8220;1\/3&#8243;][vc_single_image image=&#8220;7137&#8243; img_size=&#8220;large&#8220; alignment=&#8220;center&#8220; onclick=&#8220;custom_link&#8220; link=&#8220;https:\/\/hicp.cz\/?page_id=6635&#8243;][\/vc_column][vc_column css_animation=&#8220;slideInUp&#8220; animation_delay=&#8220;0.4&#8243; width=&#8220;1\/3&#8243;][vc_single_image image=&#8220;7139&#8243; img_size=&#8220;full&#8220; alignment=&#8220;center&#8220; onclick=&#8220;custom_link&#8220; link=&#8220;https:\/\/hicp.cz\/?page_id=6166&#8243;][\/vc_column][\/vc_row][vc_row css=&#8220;.vc_custom_1626609177413{padding-top: 10% !important;padding-bottom: 10% !important;}&#8220;][vc_column][vc_custom_heading text=&#8220;Nav\u0161t\u011bvujte n\u00e1s pravideln\u011b&#8220; font_container=&#8220;tag:h3|font_size:12px|text_align:center|color:%23898989|line_height:1.2&#8243; use_theme_fonts=&#8220;yes&#8220; el_class=&#8220;font_weight_500&#8243;][vc_custom_heading text=&#8220;Z na\u0161eho Blogu &#8211; (ne)pravideln\u011b vyd\u00e1van\u00e9 \u010dl\u00e1nky&#8220; font_container=&#8220;tag:h3|font_size:15px|text_align:center|color:%232d2d2d|line_height:1.2&#8243; use_theme_fonts=&#8220;yes&#8220; el_class=&#8220;font_weight_600&#8243; css=&#8220;.vc_custom_1771412330194{padding-bottom: 60px !important;}&#8220;]<div class=\"col_full nobottommargin\"><div class=\"col_one_fourth  wow slideInUp\" data-wow-delay=\"0s\"><div class=\"ipost \"><div class=\"col_full nobottommargin\"><div class=\"ipost-image\"><img decoding=\"async\" src=\"https:\/\/hicp.cz\/wp-content\/uploads\/2026\/03\/1770013274-44491bcc-2c79-47c4-a655-aaebd5e07927-470x320.jpg\" alt=\"Zlat\u00e1 \u00e9ra \u010deskoslovensk\u00e9 pyrotechniky: Zeveta Bojkovice, legend\u00e1rn\u00ed oh\u0148ostroje a lid\u00e9, kte\u0159\u00ed krotili ohe\u0148\" title=\"Zlat\u00e1 \u00e9ra \u010deskoslovensk\u00e9 pyrotechniky: Zeveta Bojkovice, legend\u00e1rn\u00ed oh\u0148ostroje a lid\u00e9, kte\u0159\u00ed krotili ohe\u0148\" \/><div class=\"portfolio-overlay\"><a href=\"https:\/\/hicp.cz\/wp-content\/uploads\/2026\/03\/1770013274-44491bcc-2c79-47c4-a655-aaebd5e07927.jpg\" class=\"magnific_video_popup\" title=\"Zlat\u00e1 \u00e9ra \u010deskoslovensk\u00e9 pyrotechniky: Zeveta Bojkovice, legend\u00e1rn\u00ed oh\u0148ostroje a lid\u00e9, kte\u0159\u00ed krotili ohe\u0148\"><div class=\"portfolio-overlay-inside\"><span class=\"fa fa-camera\"><\/span><\/div><\/a><\/div><\/div><div class=\"entry_date_thin\"><div class=\"day\">16<\/div><div class=\"month\">B\u0159e<\/div><\/div><div class=\"ipost-title\"><h5><a href=\"https:\/\/hicp.cz\/?p=7146\">Zlat\u00e1 \u00e9ra \u010deskoslovensk\u00e9 pyrotechniky: Zeveta Bojkovice, legend\u00e1rn\u00ed oh\u0148ostroje a lid\u00e9, kte\u0159\u00ed krotili ohe\u0148<\/a><\/h5><\/div><div class=\"ipost-content\">Kdy\u017e se dnes d\u00edv\u00e1me na no\u010dn\u00ed oblohu rozz\u00e1\u0159enou pestrobarevn\u00fdmi efekty, m\u00e1lokdo z n\u00e1s tu\u0161\u00ed, \u017ee srdce \u010deskoslovensk\u00e9 civiln\u00ed pyrotechniky po dlouh\u00e1 desetilet\u00ed tepalo na jihov\u00fdchodn\u00ed...<\/div><p class=\"nobottommargin\"><a href=\"https:\/\/hicp.cz\/?p=7146\">Continue reading  &rarr;<\/a><\/p><\/div><\/div><\/div><div class=\"col_one_fourth  wow slideInUp\" data-wow-delay=\"0.2s\"><div class=\"ipost \"><div class=\"col_full nobottommargin\"><div class=\"ipost-image\"><img decoding=\"async\" src=\"https:\/\/hicp.cz\/wp-content\/uploads\/2025\/08\/panovesemtex-470x320.jpg\" alt=\"Semtex: Legend\u00e1rn\u00ed \u010desk\u00e1 plastick\u00e1 trhavina \u2013 kompletn\u00ed p\u0159\u00edb\u011bh vyn\u00e1lezc\u016f a stolet\u00e9 historie tov\u00e1rny Explosia\" title=\"Semtex: Legend\u00e1rn\u00ed \u010desk\u00e1 plastick\u00e1 trhavina \u2013 kompletn\u00ed p\u0159\u00edb\u011bh vyn\u00e1lezc\u016f a stolet\u00e9 historie tov\u00e1rny Explosia\" \/><div class=\"portfolio-overlay\"><a href=\"https:\/\/hicp.cz\/wp-content\/uploads\/2025\/08\/panovesemtex.jpg\" class=\"magnific_video_popup\" title=\"Semtex: Legend\u00e1rn\u00ed \u010desk\u00e1 plastick\u00e1 trhavina \u2013 kompletn\u00ed p\u0159\u00edb\u011bh vyn\u00e1lezc\u016f a stolet\u00e9 historie tov\u00e1rny Explosia\"><div class=\"portfolio-overlay-inside\"><span class=\"fa fa-camera\"><\/span><\/div><\/a><\/div><\/div><div class=\"entry_date_thin\"><div class=\"day\">27<\/div><div class=\"month\">Srp<\/div><\/div><div class=\"ipost-title\"><h5><a href=\"https:\/\/hicp.cz\/?p=7087\">Semtex: Legend\u00e1rn\u00ed \u010desk\u00e1 plastick\u00e1 trhavina \u2013 kompletn\u00ed p\u0159\u00edb\u011bh vyn\u00e1lezc\u016f a stolet\u00e9 historie tov\u00e1rny Explosia<\/a><\/h5><\/div><div class=\"ipost-content\">Semtex: Legend\u00e1rn\u00ed \u010desk\u00e1 plastick\u00e1 trhavina \u2013 kompletn\u00ed p\u0159\u00edb\u011bh vyn\u00e1lezc\u016f a stolet\u00e9 historie tov\u00e1rny Explosia Odkryjte fascinuj\u00edc\u00ed historii nejslavn\u011bj\u0161\u00ed \u010desk\u00e9 v\u00fdbu\u0161niny, dramatick\u00e9 osudy jej\u00edch vyn\u00e1lezc\u016f a...<\/div><p class=\"nobottommargin\"><a href=\"https:\/\/hicp.cz\/?p=7087\">Continue reading  &rarr;<\/a><\/p><\/div><\/div><\/div><div class=\"col_one_fourth  wow slideInUp\" data-wow-delay=\"0.4s\"><div class=\"ipost \"><div class=\"col_full nobottommargin\"><div class=\"ipost-image\"><img decoding=\"async\" src=\"https:\/\/hicp.cz\/wp-content\/uploads\/2025\/08\/fireworkshow-470x320.jpg\" alt=\"Historie barevn\u00fdch oh\u0148ostroj\u016f: Od zlat\u00fdch jisker k modern\u00ed barevn\u00e9 pyrotechnice\" title=\"Historie barevn\u00fdch oh\u0148ostroj\u016f: Od zlat\u00fdch jisker k modern\u00ed barevn\u00e9 pyrotechnice\" \/><div class=\"portfolio-overlay\"><a href=\"https:\/\/hicp.cz\/wp-content\/uploads\/2025\/08\/fireworkshow.jpg\" class=\"magnific_video_popup\" title=\"Historie barevn\u00fdch oh\u0148ostroj\u016f: Od zlat\u00fdch jisker k modern\u00ed barevn\u00e9 pyrotechnice\"><div class=\"portfolio-overlay-inside\"><span class=\"fa fa-camera\"><\/span><\/div><\/a><\/div><\/div><div class=\"entry_date_thin\"><div class=\"day\">16<\/div><div class=\"month\">Srp<\/div><\/div><div class=\"ipost-title\"><h5><a href=\"https:\/\/hicp.cz\/?p=6967\">Historie barevn\u00fdch oh\u0148ostroj\u016f: Od zlat\u00fdch jisker k modern\u00ed barevn\u00e9 pyrotechnice<\/a><\/h5><\/div><div class=\"ipost-content\">Kdy\u017e oh\u0148ostroje m\u011bly pouze zlatou barvu P\u0159edstavte si oh\u0148ostroj bez barev &#8211; pouze zlat\u00e9 a st\u0159\u00edbrn\u00e9 jiskry osv\u011btluj\u00edc\u00ed no\u010dn\u00ed oblohu. P\u0159esn\u011b takov\u00e9 byly oh\u0148ostroje a\u017e...<\/div><p class=\"nobottommargin\"><a href=\"https:\/\/hicp.cz\/?p=6967\">Continue reading  &rarr;<\/a><\/p><\/div><\/div><\/div><div class=\"col_one_fourth col_last wow slideInUp\" data-wow-delay=\"0.6s\"><div class=\"ipost \"><div class=\"col_full nobottommargin\"><div class=\"ipost-image\"><img decoding=\"async\" src=\"https:\/\/hicp.cz\/wp-content\/uploads\/2025\/07\/knokkeheist-470x320.jpg\" alt=\"Oh\u0148ostroje v Evrop\u011b \u017eij\u00ed: Nejv\u011bt\u0161\u00ed z\u00e1padn\u00ed festivaly, kter\u00e9 CZ m\u00e9dia nikdy neuk\u00e1\u017eou!\" title=\"Oh\u0148ostroje v Evrop\u011b \u017eij\u00ed: Nejv\u011bt\u0161\u00ed z\u00e1padn\u00ed festivaly, kter\u00e9 CZ m\u00e9dia nikdy neuk\u00e1\u017eou!\" \/><div class=\"portfolio-overlay\"><a href=\"https:\/\/hicp.cz\/wp-content\/uploads\/2025\/07\/knokkeheist.jpg\" class=\"magnific_video_popup\" title=\"Oh\u0148ostroje v Evrop\u011b \u017eij\u00ed: Nejv\u011bt\u0161\u00ed z\u00e1padn\u00ed festivaly, kter\u00e9 CZ m\u00e9dia nikdy neuk\u00e1\u017eou!\"><div class=\"portfolio-overlay-inside\"><span class=\"fa fa-camera\"><\/span><\/div><\/a><\/div><\/div><div class=\"entry_date_thin\"><div class=\"day\">26<\/div><div class=\"month\">\u010cvc<\/div><\/div><div class=\"ipost-title\"><h5><a href=\"https:\/\/hicp.cz\/?p=6951\">Oh\u0148ostroje v Evrop\u011b \u017eij\u00ed: Nejv\u011bt\u0161\u00ed z\u00e1padn\u00ed festivaly, kter\u00e9 CZ m\u00e9dia nikdy neuk\u00e1\u017eou!<\/a><\/h5><\/div><div class=\"ipost-content\">Oh\u0148ostroje nejsou p\u0159e\u017eitek \u2013 jsou symbolem evropsk\u00e9 kultury Mysl\u00edte si, \u017ee oh\u0148ostroje v Evrop\u011b pat\u0159\u00ed minulosti? P\u0159esv\u011bd\u010d\u00edme v\u00e1s o opaku! Za\u017eijte s n\u00e1mi atmosf\u00e9ru t\u011bch...<\/div><p class=\"nobottommargin\"><a href=\"https:\/\/hicp.cz\/?p=6951\">Continue reading  &rarr;<\/a><\/p><\/div><\/div><\/div><div class=\"clearfix\"><\/div><\/div>[\/vc_column][\/vc_row]\n","protected":false},"excerpt":{"rendered":"<p>[vc_row bg_attachment=&#8220;fixed&#8220; bg_parallax=&#8220;true&#8220; enable_gradient=&#8220;true&#8220; col_overlay=&#8220;rgba(0,0,0,0.01)&#8220; col_overlay2=&#8220;rgba(10,10,10,0.52)&#8220; slider_deg=&#8220;180&#8243; css=&#8220;.vc_custom_1621881299924{padding-top: 0% !important;background-image: url(https:\/\/hicp.cz\/wp-content\/uploads\/2021\/05\/f72e58f6-46b8-4655-946f-97487a608018.jpg?id=5186) !important;}&#8220;][vc_column][layerslider_vc id=&#8220;1&#8243;][\/vc_column][\/vc_row][vc_row css=&#8220;.vc_custom_1626525480305{padding-bottom: 10% !important;background: #f6f6f6 url(https:\/\/hicp.cz\/wp-content\/uploads\/2021\/05\/header1.jpg?id=5127) !important;}&#8220;][vc_column css_animation=&#8220;slideInUp&#8220; width=&#8220;1\/3&#8243; css=&#8220;.vc_custom_1535890390275{padding-right: 15px !important;padding-left: 15px !important;}&#8220;][vc_single_image image=&#8220;7127&#8243; img_size=&#8220;full&#8220; alignment=&#8220;center&#8220; onclick=&#8220;custom_link&#8220; link=&#8220;https:\/\/hicp.cz\/?page_id=6212&#8243;][\/vc_column][vc_column css_animation=&#8220;slideInUp&#8220; animation_delay=&#8220;0.2&#8243; width=&#8220;1\/3&#8243;][vc_single_image image=&#8220;7137&#8243; img_size=&#8220;large&#8220; alignment=&#8220;center&#8220; onclick=&#8220;custom_link&#8220; link=&#8220;https:\/\/hicp.cz\/?page_id=6635&#8243;][\/vc_column][vc_column css_animation=&#8220;slideInUp&#8220; animation_delay=&#8220;0.4&#8243; width=&#8220;1\/3&#8243;][vc_single_image image=&#8220;7139&#8243; img_size=&#8220;full&#8220; alignment=&#8220;center&#8220; onclick=&#8220;custom_link&#8220; link=&#8220;https:\/\/hicp.cz\/?page_id=6166&#8243;][\/vc_column][\/vc_row][vc_row css=&#8220;.vc_custom_1626609177413{padding-top: 10% !important;padding-bottom: 10% !important;}&#8220;][vc_column][vc_custom_heading text=&#8220;Nav\u0161t\u011bvujte n\u00e1s pravideln\u011b&#8220; [&hellip;]<\/p>\n","protected":false},"author":1,"featured_media":0,"parent":0,"menu_order":0,"comment_status":"closed","ping_status":"closed","template":"page-full.php","meta":{"footnotes":""},"class_list":["post-73","page","type-page","status-publish","hentry"],"_links":{"self":[{"href":"https:\/\/hicp.cz\/index.php?rest_route=\/wp\/v2\/pages\/73","targetHints":{"allow":["GET"]}}],"collection":[{"href":"https:\/\/hicp.cz\/index.php?rest_route=\/wp\/v2\/pages"}],"about":[{"href":"https:\/\/hicp.cz\/index.php?rest_route=\/wp\/v2\/types\/page"}],"author":[{"embeddable":true,"href":"https:\/\/hicp.cz\/index.php?rest_route=\/wp\/v2\/users\/1"}],"replies":[{"embeddable":true,"href":"https:\/\/hicp.cz\/index.php?rest_route=%2Fwp%2Fv2%2Fcomments&post=73"}],"version-history":[{"count":153,"href":"https:\/\/hicp.cz\/index.php?rest_route=\/wp\/v2\/pages\/73\/revisions"}],"predecessor-version":[{"id":7140,"href":"https:\/\/hicp.cz\/index.php?rest_route=\/wp\/v2\/pages\/73\/revisions\/7140"}],"wp:attachment":[{"href":"https:\/\/hicp.cz\/index.php?rest_route=%2Fwp%2Fv2%2Fmedia&parent=73"}],"curies":[{"name":"wp","href":"https:\/\/api.w.org\/{rel}","templated":true}]}}